{"id":438,"date":"2025-05-27T13:22:08","date_gmt":"2025-05-27T12:22:08","guid":{"rendered":"https:\/\/kalkbrenner.ws\/politica-de-privacidade\/"},"modified":"2025-06-13T15:14:18","modified_gmt":"2025-06-13T14:14:18","slug":"politica-de-privacidade","status":"publish","type":"page","link":"https:\/\/kalkbrenner.ws\/pt-pt\/politica-de-privacidade\/","title":{"rendered":"Pol\u00edtica de Privacidade"},"content":{"rendered":"<div class=\"wpb-content-wrapper\"><p>[vc_row css=&#8221;.vc_custom_1746459060118{margin-top: 100px !important;}&#8221; conditional_render=&#8221;%5B%7B%22value_role%22%3A%22administrator%22%7D%5D&#8221; css_params=&#8221;&#8221;][vc_column][vc_text_separator title=&#8221;Pol\u00edtica de Privacidade&#8221; title_align=&#8221;separator_align_left&#8221; align=&#8221;align_left&#8221; color=&#8221;custom&#8221; css=&#8221;&#8221; style=&#8221;solid&#8221; element=&#8221;h2&#8243; accent_color=&#8221;#e6e6e6&#8243; css_params=&#8221;&#8221;][\/vc_column][\/vc_row][vc_row css=&#8221;.vc_custom_1748345613333{margin-top: 50px !important;}&#8221; conditional_render=&#8221;%5B%7B%22value_role%22%3A%22administrator%22%7D%5D&#8221; css_params=&#8221;&#8221;][vc_column][vc_column_text css=&#8221;&#8221; css_params=&#8221;&#8221;]<\/p>\n<h3>1. Condi\u00e7\u00f5es<\/h3>\n<p>Ao aceder ao s\u00edtio Web da Rene Kalkbrenner Lda, o utilizador concorda em cumprir estes termos de servi\u00e7o, todas as leis e regulamentos aplic\u00e1veis e concorda que \u00e9 respons\u00e1vel pelo cumprimento de quaisquer leis locais aplic\u00e1veis. Se n\u00e3o concordar com qualquer um destes termos, est\u00e1 proibido de utilizar ou aceder a este s\u00edtio. Os materiais contidos neste s\u00edtio Web est\u00e3o protegidos pela legisla\u00e7\u00e3o aplic\u00e1vel em mat\u00e9ria de direitos de autor e marcas comerciais.  <\/p>\n<h3>2. Licen\u00e7a de utiliza\u00e7\u00e3o<\/h3>\n<p>\u00c9 concedida permiss\u00e3o para descarregar temporariamente uma c\u00f3pia dos materiais (informa\u00e7\u00e3o ou software) no website da Rene Kalkbrenner Lda, apenas para visualiza\u00e7\u00e3o transit\u00f3ria pessoal e n\u00e3o comercial. Esta \u00e9 a concess\u00e3o de uma licen\u00e7a, n\u00e3o uma transfer\u00eancia de t\u00edtulo, e sob esta licen\u00e7a voc\u00ea n\u00e3o pode: <\/p>\n<ol data-spread=\"false\">\n<li>modificar ou copiar os materiais;<\/li>\n<li>utilizar os materiais para qualquer fim comercial ou para qualquer apresenta\u00e7\u00e3o p\u00fablica (comercial ou n\u00e3o comercial);<\/li>\n<li>tentar descompilar ou fazer engenharia inversa de qualquer software contido no s\u00edtio Web da Rene Kalkbrenner Lda;<\/li>\n<li>remover quaisquer direitos de autor ou outras nota\u00e7\u00f5es de propriedade dos materiais; ou<\/li>\n<li>transferir os materiais para outra pessoa ou \u201cespelhar\u201d os materiais em qualquer outro servidor.<\/li>\n<\/ol>\n<p>Esta licen\u00e7a terminar\u00e1 automaticamente se o utilizador violar qualquer uma destas restri\u00e7\u00f5es e pode ser terminada pela Rene Kalkbrenner Lda em qualquer altura. Ap\u00f3s terminar a visualiza\u00e7\u00e3o destes materiais ou ap\u00f3s a rescis\u00e3o desta licen\u00e7a, dever\u00e1 destruir quaisquer materiais descarregados na sua posse, quer em formato eletr\u00f3nico ou impresso. <\/p>\n<h3>3. Isen\u00e7\u00e3o de responsabilidade<\/h3>\n<ol>\n<li>Os materiais no s\u00edtio Web da Rene Kalkbrenner Lda s\u00e3o fornecidos \u201ctal como est\u00e3o\u201d. Rene Kalkbrenner Lda n\u00e3o d\u00e1 quaisquer garantias, expressas ou impl\u00edcitas, e por este meio renuncia e nega todas as outras garantias incluindo, sem limita\u00e7\u00e3o, garantias impl\u00edcitas ou condi\u00e7\u00f5es de comercializa\u00e7\u00e3o, adequa\u00e7\u00e3o a um determinado fim, ou n\u00e3o-infra\u00e7\u00e3o de propriedade intelectual ou outra viola\u00e7\u00e3o de direitos. <\/li>\n<li>Al\u00e9m disso, a Rene Kalkbrenner Lda n\u00e3o garante nem faz quaisquer representa\u00e7\u00f5es relativas \u00e0 exatid\u00e3o, resultados prov\u00e1veis ou fiabilidade da utiliza\u00e7\u00e3o dos materiais no seu s\u00edtio Web ou de outra forma relacionados com esses materiais ou em quaisquer s\u00edtios ligados a este s\u00edtio.<\/li>\n<\/ol>\n<h3>4. Limita\u00e7\u00f5es<\/h3>\n<p>Em nenhum caso a Rene Kalkbrenner Lda ou os seus fornecedores ser\u00e3o respons\u00e1veis por quaisquer danos (incluindo, sem limita\u00e7\u00e3o, danos por perda de dados ou lucros, ou devido a interrup\u00e7\u00e3o de neg\u00f3cios) decorrentes da utiliza\u00e7\u00e3o ou incapacidade de utilizar os materiais na Rene Kalkbrenner Lda, mesmo que a Rene Kalkbrenner Lda ou um representante autorizado da Rene Kalkbrenner Lda tenha sido notificado oralmente ou por escrito da possibilidade de tais danos. Como algumas jurisdi\u00e7\u00f5es n\u00e3o permitem limita\u00e7\u00f5es nas garantias impl\u00edcitas, ou limita\u00e7\u00f5es de responsabilidade por danos consequentes ou incidentais, estas limita\u00e7\u00f5es podem n\u00e3o se aplicar a si. <\/p>\n<h3>5. Exatid\u00e3o dos materiais<\/h3>\n<p>Os materiais que aparecem no s\u00edtio Web da Rene Kalkbrenner Lda podem incluir erros t\u00e9cnicos, tipogr\u00e1ficos ou fotogr\u00e1ficos. A Rene Kalkbrenner Lda n\u00e3o garante que qualquer dos materiais no seu website seja exato, completo ou atual. A Rene Kalkbrenner Lda pode fazer altera\u00e7\u00f5es aos materiais contidos no seu s\u00edtio web a qualquer momento sem aviso pr\u00e9vio. No entanto, a Rene Kalkbrenner Lda n\u00e3o assume qualquer compromisso de atualizar os materiais.   <\/p>\n<h3>6. Liga\u00e7\u00f5es<\/h3>\n<p>A Rene Kalkbrenner Lda n\u00e3o reviu todos os sites ligados ao seu site e n\u00e3o \u00e9 respons\u00e1vel pelo conte\u00fado de qualquer site ligado. A inclus\u00e3o de qualquer liga\u00e7\u00e3o n\u00e3o implica a aprova\u00e7\u00e3o do site por parte da Rene Kalkbrenner Lda. A utiliza\u00e7\u00e3o de qualquer site ligado \u00e9 feita por conta e risco do utilizador.  <\/p>\n<h3>Altera\u00e7\u00f5es<\/h3>\n<p>Rene Kalkbrenner Lda pode rever estes termos de servi\u00e7o para o seu website a qualquer momento sem aviso pr\u00e9vio. Ao utilizar este s\u00edtio Web, o utilizador aceita ficar vinculado \u00e0 vers\u00e3o ent\u00e3o em vigor das presentes condi\u00e7\u00f5es de servi\u00e7o. <\/p>\n<h3><strong>Legisla\u00e7\u00e3o aplic\u00e1vel<\/strong><\/h3>\n<p>Estes termos e condi\u00e7\u00f5es s\u00e3o regidos e interpretados de acordo com as leis da Rep\u00fablica Portuguesa, e o utilizador submete-se irrevogavelmente \u00e0 jurisdi\u00e7\u00e3o exclusiva dos tribunais desse Estado ou localidade.<\/p>\n<p>\u00daltima atualiza\u00e7\u00e3o: 12\/06\/2025.[\/vc_column_text][\/vc_column][\/vc_row][vc_row css=&#8221;.vc_custom_1746464678346{margin-top: 75px !important;}&#8221; conditional_render=&#8221;%5B%7B%22value_role%22%3A%22administrator%22%7D%5D&#8221; css_params=&#8221;&#8221;][vc_column]<div class=\"porto-block\" data-id=\"376\"><style>.vc_custom_1761560810707{background-image: url(https:\/\/kalkbrenner.ws\/wp-content\/uploads\/2025\/05\/contact-us-2.jpg?id=550) !important;background-position: center !important;background-repeat: no-repeat !important;background-size: cover !important;}.vc_custom_1746456880445{margin-bottom: 0px !important;}.vc_custom_1749818635296{margin-top: 50px !important;}.wpb_custom_833b57a40257c70fae898b52a19ab2ac.porto-u-heading .porto-u-main-heading > *{font-size:3rem;}@media (max-width:575px){.wpb_custom_833b57a40257c70fae898b52a19ab2ac.porto-u-heading .porto-u-main-heading > *{font-size:3rem;}}.wpb_custom_833b57a40257c70fae898b52a19ab2ac.porto-u-heading .porto-u-main-heading > *{line-height:1.1;}.wpb_custom_13675111f8767988fcb5dda4e1c47101.porto-btn{font-family:Inria Serif;font-size:22px;}<\/style>[vc_row content_placement=\"middle\" conditional_render=\"%5B%7B%22value_role%22%3A%22administrator%22%7D%5D\" css_params=\"\"][vc_column]<div class=\"porto-ibanner interactive-banner-wrap-1368ed295cfdbb6b88adaac7efb6cfe6 vc_custom_1761560810707 banner-right\" style=\"min-height:500px;\"><div class=\"porto-ibanner-desc no-padding d-flex\"><div class=\"porto-ibanner-layer vc_custom_1746456880445 wpb_custom_2c5109c031829f9c54153ed0e6239ff6 banner-pos-f6356757d4f73384a3f5bc65723ae83a\" style=\"width:90%;\"><div class=\"porto-u-heading  wpb_custom_833b57a40257c70fae898b52a19ab2ac porto-u-366ff92ac56193420f452da2f89b711d \"><div class=\"porto-u-main-heading\"><h2   style=\"color:#004aad;margin-bottom: 5px;\">Kalkbrenner Properties<\/h2><\/div><div class=\"porto-u-sub-heading\" style=\"color: #004aad;\"><span style=\"font-size: 22px;\">Aluguer de Vivendas - Imobili\u00e1ria - Gest\u00e3o de Propriedades<\/span><\/div><style>.porto-u-366ff92ac56193420f452da2f89b711d.porto-u-heading{text-align:left} @media(max-width:991px){ .porto-u-366ff92ac56193420f452da2f89b711d.porto-u-heading{text-align:center}} @media(max-width:767px){ .porto-u-366ff92ac56193420f452da2f89b711d.porto-u-heading{text-align:center}} @media(max-width:575px){ .porto-u-366ff92ac56193420f452da2f89b711d.porto-u-heading{text-align:center}}<\/style><\/div><div class=\"porto-btn-ctn-left botao-banner\"><a class=\"porto-btn  vc_custom_1749818635296 porto-adjust-bottom-margin porto-btn-small porto-btn-fade-bg   wpb_custom_13675111f8767988fcb5dda4e1c47101  porto-btn-left \" title='Contacte-nos' rel='' href = \"\/pt-pt\/contacte-nos\/\"  data-hover=\"#ffffff\" data-border-color=\"#004aad\" data-bg=\"rgba(255,255,255,0.01)\" data-hover-bg=\"#004aad\" data-border-hover=\"#004aad\" data-shadow-click=\"none\" data-shadow=\"\" style=\"border-width:1px;border-color:#004aad;border-style:solid;background: rgba(255,255,255,0.01);color: #004aad;\"><span class=\"porto-btn-hover\" style=\"background-color:#004aad\"><\/span><span class=\"porto-btn-data porto-btn-text \" >Contacte-nos<\/span><\/a><\/div><style>.banner-pos-f6356757d4f73384a3f5bc65723ae83a {left: 50%;right: unset;top: 50%;bottom: unset;transform: translate(-50%, -50%);}<\/style><\/div><\/div><\/div>[\/vc_column][\/vc_row]<\/div>[\/vc_column][\/vc_row]<\/p>\n<\/div>","protected":false},"excerpt":{"rendered":"<p>[vc_row css=&#8221;.vc_custom_1746459060118{margin-top: 100px !important;}&#8221; conditional_render=&#8221;%5B%7B%22value_role%22%3A%22administrator%22%7D%5D&#8221; css_params=&#8221;&#8221;][vc_column][vc_text_separator title=&#8221;Pol\u00edtica de Privacidade&#8221; title_align=&#8221;separator_align_left&#8221; align=&#8221;align_left&#8221; color=&#8221;custom&#8221; css=&#8221;&#8221; style=&#8221;solid&#8221; element=&#8221;h2&#8243; accent_color=&#8221;#e6e6e6&#8243; css_params=&#8221;&#8221;][\/vc_column][\/vc_row][vc_row css=&#8221;.vc_custom_1748345613333{margin-top: 50px !important;}&#8221; conditional_render=&#8221;%5B%7B%22value_role%22%3A%22administrator%22%7D%5D&#8221; css_params=&#8221;&#8221;][vc_column][vc_column_text css=&#8221;&#8221; css_params=&#8221;&#8221;] 1. Condi\u00e7\u00f5es Ao aceder ao s\u00edtio Web da Rene Kalkbrenner Lda, o utilizador concorda em cumprir estes termos de servi\u00e7o, todas as leis e regulamentos aplic\u00e1veis e concorda que \u00e9 respons\u00e1vel [&hellip;]<\/p>\n","protected":false},"author":1,"featured_media":0,"parent":0,"menu_order":0,"comment_status":"closed","ping_status":"closed","template":"","meta":{"footnotes":""},"class_list":["post-438","page","type-page","status-publish","hentry"],"_links":{"self":[{"href":"https:\/\/kalkbrenner.ws\/pt-pt\/wp-json\/wp\/v2\/pages\/438","targetHints":{"allow":["GET"]}}],"collection":[{"href":"https:\/\/kalkbrenner.ws\/pt-pt\/wp-json\/wp\/v2\/pages"}],"about":[{"href":"https:\/\/kalkbrenner.ws\/pt-pt\/wp-json\/wp\/v2\/types\/page"}],"author":[{"embeddable":true,"href":"https:\/\/kalkbrenner.ws\/pt-pt\/wp-json\/wp\/v2\/users\/1"}],"replies":[{"embeddable":true,"href":"https:\/\/kalkbrenner.ws\/pt-pt\/wp-json\/wp\/v2\/comments?post=438"}],"version-history":[{"count":7,"href":"https:\/\/kalkbrenner.ws\/pt-pt\/wp-json\/wp\/v2\/pages\/438\/revisions"}],"predecessor-version":[{"id":451,"href":"https:\/\/kalkbrenner.ws\/pt-pt\/wp-json\/wp\/v2\/pages\/438\/revisions\/451"}],"wp:attachment":[{"href":"https:\/\/kalkbrenner.ws\/pt-pt\/wp-json\/wp\/v2\/media?parent=438"}],"curies":[{"name":"wp","href":"https:\/\/api.w.org\/{rel}","templated":true}]}}