{"id":435,"date":"2025-05-27T13:30:52","date_gmt":"2025-05-27T12:30:52","guid":{"rendered":"https:\/\/kalkbrenner.ws\/politica-de-cookies\/"},"modified":"2025-06-13T15:11:17","modified_gmt":"2025-06-13T14:11:17","slug":"politica-de-cookies","status":"publish","type":"page","link":"https:\/\/kalkbrenner.ws\/pt-pt\/politica-de-cookies\/","title":{"rendered":"Pol\u00edtica de Cookies"},"content":{"rendered":"<div class=\"wpb-content-wrapper\"><p>[vc_row css=&#8221;.vc_custom_1746459060118{margin-top: 100px !important;}&#8221; conditional_render=&#8221;%5B%7B%22value_role%22%3A%22administrator%22%7D%5D&#8221; css_params=&#8221;&#8221;][vc_column][vc_text_separator title=&#8221;Pol\u00edtica de Cookies&#8221; title_align=&#8221;separator_align_left&#8221; align=&#8221;align_left&#8221; color=&#8221;custom&#8221; css=&#8221;&#8221; style=&#8221;solid&#8221; element=&#8221;h2&#8243; accent_color=&#8221;#e6e6e6&#8243; css_params=&#8221;&#8221;][\/vc_column][\/vc_row][vc_row css=&#8221;.vc_custom_1748345613333{margin-top: 50px !important;}&#8221; conditional_render=&#8221;%5B%7B%22value_role%22%3A%22administrator%22%7D%5D&#8221; css_params=&#8221;&#8221;][vc_column][vc_column_text css=&#8221;&#8221; css_params=&#8221;&#8221;]<\/p>\n<h3 data-pm-slice=\"1 1 []\"><strong>Quem \u00e9 respons\u00e1vel pelo tratamento dos dados?<\/strong><\/h3>\n<p>A entidade respons\u00e1vel pelo tratamento dos dados \u00e9 a Rene Kalkbrenner Lda, NIPC 510485723, com sede na Rua dos Pescadores 131 Loja 8, 8400-512 Praia do Carvoeiro, endere\u00e7o de correio eletr\u00f3nico <a>info@kalkbrenner.ws<\/a> .<\/p>\n<p>A Rene Kalkbrenner Lda nomeou um Respons\u00e1vel pela Prote\u00e7\u00e3o de Dados que pode ser contactado atrav\u00e9s do e-mail <a>data@kalkbrenner.ws<\/a>.<\/p>\n<h3>O que s\u00e3o cookies?<\/h3>\n<p>Quando visita um s\u00edtio Web, este pode armazenar ou recuperar informa\u00e7\u00f5es no seu navegador, principalmente sob a forma de cookies. Estas informa\u00e7\u00f5es podem ser sobre as suas prefer\u00eancias ou sobre o dispositivo que utiliza para aceder ao s\u00edtio e s\u00e3o sobretudo utilizadas para que o s\u00edtio funcione como esperado. As informa\u00e7\u00f5es servem para proporcionar ao utilizador uma experi\u00eancia mais personalizada.  <\/p>\n<p>Os cookies s\u00e3o pequenos ficheiros de dados ou de texto que um s\u00edtio Web coloca no dispositivo do utilizador (computador, smartphone, tablet, etc.). Cada cookie cont\u00e9m um c\u00f3digo \u00fanico que permite que o seu navegador seja reconhecido quando voltar a visitar o s\u00edtio Web ou para melhorar a experi\u00eancia durante as visitas subsequentes. Normalmente, um cookie inclui o nome do servidor que o instalou, uma data de expira\u00e7\u00e3o e um c\u00f3digo num\u00e9rico \u00fanico.  <\/p>\n<p>Os cookies podem ter v\u00e1rias finalidades: cookies t\u00e9cnicos (para defini\u00e7\u00f5es lingu\u00edsticas), cookies de sess\u00e3o (tempor\u00e1rios) e cookies de rastreio (para registar o comportamento do utilizador no s\u00edtio e oferecer uma experi\u00eancia melhorada). Os cookies podem ser instalados pelo servidor do s\u00edtio Web visitado ou por um parceiro colaborador. O servidor do s\u00edtio Web s\u00f3 pode ler os cookies que instalou e n\u00e3o tem acesso a outras informa\u00e7\u00f5es no computador ou no dispositivo m\u00f3vel do utilizador.  <\/p>\n<h3>Cookies utilizados por Rene Kalkbrenner Lda<\/h3>\n<p>Neste s\u00edtio Web, utilizamos as seguintes categorias de cookies: cookies estritamente necess\u00e1rios, incluindo cookies anal\u00edticos anonimizados, cookies funcionais, cookies de publicidade e cookies de redes sociais. Para obter mais informa\u00e7\u00f5es sobre os cookies utilizados em cada categoria, aceda a Gerir prefer\u00eancias. <\/p>\n<h4>Cookies estritamente necess\u00e1rios<\/h4>\n<p>Estes cookies s\u00e3o essenciais para garantir a seguran\u00e7a do s\u00edtio Web, permitindo o seu correto funcionamento e uma navega\u00e7\u00e3o f\u00e1cil. S\u00e3o normalmente configurados em resposta a ac\u00e7\u00f5es do utilizador e correspondem a pedidos de servi\u00e7os como a defini\u00e7\u00e3o de prefer\u00eancias de privacidade, o in\u00edcio de sess\u00e3o ou o preenchimento de formul\u00e1rios. O utilizador pode configurar o seu browser para bloquear estes cookies, mas algumas partes do s\u00edtio deixar\u00e3o de funcionar.  <\/p>\n<p>Os cookies estritamente necess\u00e1rios podem ser instalados sem o consentimento do utilizador, uma vez que s\u00e3o essenciais para o funcionamento normal do s\u00edtio Web. A desativa\u00e7\u00e3o destes cookies pode impedir o funcionamento de algumas funcionalidades do s\u00edtio Web. <\/p>\n<h4>Cookies anal\u00edticos an\u00f3nimos<\/h4>\n<p>Estes cookies permitem-nos contar os visitantes e seguir as suas origens para analisar e melhorar o desempenho do s\u00edtio Web. Ajudam a identificar as p\u00e1ginas mais e menos visitadas e a forma como os visitantes navegam no s\u00edtio. Todas as informa\u00e7\u00f5es recolhidas por estes cookies s\u00e3o agregadas e, portanto, an\u00f3nimas.  <\/p>\n<p>O objetivo destes cookies \u00e9 assegurar a melhoria e a adapta\u00e7\u00e3o din\u00e2mica do s\u00edtio Web. A informa\u00e7\u00e3o estat\u00edstica sobre os visitantes permite-nos adaptar a funcionalidade e o conte\u00fado de acordo com o comportamento do utilizador. <\/p>\n<h4>Cookies funcionais<\/h4>\n<p>Estes cookies personalizam o conte\u00fado do s\u00edtio Web com base nas suas prefer\u00eancias, interesses e visitas anteriores. Podem ser definidos pela Rene Kalkbrenner Lda ou por fornecedores externos cujos servi\u00e7os adicion\u00e1mos \u00e0s nossas p\u00e1ginas. Se estes cookies n\u00e3o forem permitidos, algumas funcionalidades do s\u00edtio Web podem n\u00e3o funcionar corretamente.  <\/p>\n<h4>Cookies de publicidade<\/h4>\n<p>Estes cookies registam a sua atividade online e podem ser utilizados pelos nossos parceiros publicit\u00e1rios para criar um perfil dos seus interesses e apresentar publicidade relevante noutros s\u00edtios Web ou para limitar a frequ\u00eancia com que um an\u00fancio \u00e9 apresentado. N\u00e3o armazenam diretamente informa\u00e7\u00f5es pessoais, mas baseiam-se na identifica\u00e7\u00e3o \u00fanica do seu browser e do seu dispositivo. T\u00eam um tempo de vida m\u00e1ximo de 24 meses.  <\/p>\n<h4>Cookies de redes sociais<\/h4>\n<p>Para criar uma conta no nosso s\u00edtio Web atrav\u00e9s de um perfil de rede social (Facebook ou Twitter), aceder ao conte\u00fado do s\u00edtio Web dispon\u00edvel nestas redes, ou para \u201cgostar\u201d e partilhar o conte\u00fado do nosso s\u00edtio Web nas redes sociais, tem de aceitar explicitamente os cookies de redes sociais.<\/p>\n<h4>Gest\u00e3o de cookies<\/h4>\n<p>Durante a sua visita ao site da Rene Kalkbrenner Lda, ser-lhe-\u00e1 pedido que aceite ou recuse os cookies que o site utiliza. Na primeira vez que entrar no s\u00edtio e periodicamente depois, ser\u00e1 apresentado um banner que lhe permite: <\/p>\n<ul data-spread=\"false\">\n<li>Aceitar todos os cookies e continuar a navegar (op\u00e7\u00e3o Aceitar e continuar);<\/li>\n<li>Gerir as prefer\u00eancias selecionando tipos de cookies ou cookies individuais a autorizar (op\u00e7\u00e3o Gerir prefer\u00eancias seguida de Confirmar as minhas escolhas);<\/li>\n<li>Gerir as prefer\u00eancias, confirmando a aceita\u00e7\u00e3o apenas dos cookies estritamente necess\u00e1rios (op\u00e7\u00e3o Gerir prefer\u00eancias seguida de Confirmar as minhas escolhas).<\/li>\n<\/ul>\n<p>Pode ajustar as prefer\u00eancias de cookies em qualquer altura atrav\u00e9s da op\u00e7\u00e3o Gerir prefer\u00eancias ou atrav\u00e9s das defini\u00e7\u00f5es do seu browser. A desativa\u00e7\u00e3o dos cookies pode afetar a funcionalidade do s\u00edtio Web. <\/p>\n<p>Para mais esclarecimentos, contacte-nos diretamente.<\/p>\n<p>\u00daltima atualiza\u00e7\u00e3o: 12\/06\/2025.<\/p>\n<p>[\/vc_column_text][\/vc_column][\/vc_row][vc_row css=&#8221;.vc_custom_1746464678346{margin-top: 75px !important;}&#8221; conditional_render=&#8221;%5B%7B%22value_role%22%3A%22administrator%22%7D%5D&#8221; css_params=&#8221;&#8221;][vc_column]<div class=\"porto-block\" data-id=\"376\"><style>.vc_custom_1761560810707{background-image: url(https:\/\/kalkbrenner.ws\/wp-content\/uploads\/2025\/05\/contact-us-2.jpg?id=550) !important;background-position: center !important;background-repeat: no-repeat !important;background-size: cover !important;}.vc_custom_1746456880445{margin-bottom: 0px !important;}.vc_custom_1749818635296{margin-top: 50px !important;}.wpb_custom_833b57a40257c70fae898b52a19ab2ac.porto-u-heading .porto-u-main-heading > *{font-size:3rem;}@media (max-width:575px){.wpb_custom_833b57a40257c70fae898b52a19ab2ac.porto-u-heading .porto-u-main-heading > *{font-size:3rem;}}.wpb_custom_833b57a40257c70fae898b52a19ab2ac.porto-u-heading .porto-u-main-heading > *{line-height:1.1;}.wpb_custom_13675111f8767988fcb5dda4e1c47101.porto-btn{font-family:Inria Serif;font-size:22px;}<\/style>[vc_row content_placement=\"middle\" conditional_render=\"%5B%7B%22value_role%22%3A%22administrator%22%7D%5D\" css_params=\"\"][vc_column]<div class=\"porto-ibanner interactive-banner-wrap-1368ed295cfdbb6b88adaac7efb6cfe6 vc_custom_1761560810707 banner-right\" style=\"min-height:500px;\"><div class=\"porto-ibanner-desc no-padding d-flex\"><div class=\"porto-ibanner-layer vc_custom_1746456880445 wpb_custom_2c5109c031829f9c54153ed0e6239ff6 banner-pos-f6356757d4f73384a3f5bc65723ae83a\" style=\"width:90%;\"><div class=\"porto-u-heading  wpb_custom_833b57a40257c70fae898b52a19ab2ac porto-u-366ff92ac56193420f452da2f89b711d \"><div class=\"porto-u-main-heading\"><h2   style=\"color:#004aad;margin-bottom: 5px;\">Kalkbrenner Properties<\/h2><\/div><div class=\"porto-u-sub-heading\" style=\"color: #004aad;\"><span style=\"font-size: 22px;\">Aluguer de Vivendas - Imobili\u00e1ria - Gest\u00e3o de Propriedades<\/span><\/div><style>.porto-u-366ff92ac56193420f452da2f89b711d.porto-u-heading{text-align:left} @media(max-width:991px){ .porto-u-366ff92ac56193420f452da2f89b711d.porto-u-heading{text-align:center}} @media(max-width:767px){ .porto-u-366ff92ac56193420f452da2f89b711d.porto-u-heading{text-align:center}} @media(max-width:575px){ .porto-u-366ff92ac56193420f452da2f89b711d.porto-u-heading{text-align:center}}<\/style><\/div><div class=\"porto-btn-ctn-left botao-banner\"><a class=\"porto-btn  vc_custom_1749818635296 porto-adjust-bottom-margin porto-btn-small porto-btn-fade-bg   wpb_custom_13675111f8767988fcb5dda4e1c47101  porto-btn-left \" title='Contacte-nos' rel='' href = \"\/pt-pt\/contacte-nos\/\"  data-hover=\"#ffffff\" data-border-color=\"#004aad\" data-bg=\"rgba(255,255,255,0.01)\" data-hover-bg=\"#004aad\" data-border-hover=\"#004aad\" data-shadow-click=\"none\" data-shadow=\"\" style=\"border-width:1px;border-color:#004aad;border-style:solid;background: rgba(255,255,255,0.01);color: #004aad;\"><span class=\"porto-btn-hover\" style=\"background-color:#004aad\"><\/span><span class=\"porto-btn-data porto-btn-text \" >Contacte-nos<\/span><\/a><\/div><style>.banner-pos-f6356757d4f73384a3f5bc65723ae83a {left: 50%;right: unset;top: 50%;bottom: unset;transform: translate(-50%, -50%);}<\/style><\/div><\/div><\/div>[\/vc_column][\/vc_row]<\/div>[\/vc_column][\/vc_row]<\/p>\n<\/div>","protected":false},"excerpt":{"rendered":"<p>[vc_row css=&#8221;.vc_custom_1746459060118{margin-top: 100px !important;}&#8221; conditional_render=&#8221;%5B%7B%22value_role%22%3A%22administrator%22%7D%5D&#8221; css_params=&#8221;&#8221;][vc_column][vc_text_separator title=&#8221;Pol\u00edtica de Cookies&#8221; title_align=&#8221;separator_align_left&#8221; align=&#8221;align_left&#8221; color=&#8221;custom&#8221; css=&#8221;&#8221; style=&#8221;solid&#8221; element=&#8221;h2&#8243; accent_color=&#8221;#e6e6e6&#8243; css_params=&#8221;&#8221;][\/vc_column][\/vc_row][vc_row css=&#8221;.vc_custom_1748345613333{margin-top: 50px !important;}&#8221; conditional_render=&#8221;%5B%7B%22value_role%22%3A%22administrator%22%7D%5D&#8221; css_params=&#8221;&#8221;][vc_column][vc_column_text css=&#8221;&#8221; css_params=&#8221;&#8221;] Quem \u00e9 respons\u00e1vel pelo tratamento dos dados? A entidade respons\u00e1vel pelo tratamento dos dados \u00e9 a Rene Kalkbrenner Lda, NIPC 510485723, com sede na Rua dos Pescadores 131 Loja 8, 8400-512 [&hellip;]<\/p>\n","protected":false},"author":1,"featured_media":0,"parent":0,"menu_order":0,"comment_status":"closed","ping_status":"closed","template":"","meta":{"footnotes":""},"class_list":["post-435","page","type-page","status-publish","hentry"],"_links":{"self":[{"href":"https:\/\/kalkbrenner.ws\/pt-pt\/wp-json\/wp\/v2\/pages\/435","targetHints":{"allow":["GET"]}}],"collection":[{"href":"https:\/\/kalkbrenner.ws\/pt-pt\/wp-json\/wp\/v2\/pages"}],"about":[{"href":"https:\/\/kalkbrenner.ws\/pt-pt\/wp-json\/wp\/v2\/types\/page"}],"author":[{"embeddable":true,"href":"https:\/\/kalkbrenner.ws\/pt-pt\/wp-json\/wp\/v2\/users\/1"}],"replies":[{"embeddable":true,"href":"https:\/\/kalkbrenner.ws\/pt-pt\/wp-json\/wp\/v2\/comments?post=435"}],"version-history":[{"count":5,"href":"https:\/\/kalkbrenner.ws\/pt-pt\/wp-json\/wp\/v2\/pages\/435\/revisions"}],"predecessor-version":[{"id":444,"href":"https:\/\/kalkbrenner.ws\/pt-pt\/wp-json\/wp\/v2\/pages\/435\/revisions\/444"}],"wp:attachment":[{"href":"https:\/\/kalkbrenner.ws\/pt-pt\/wp-json\/wp\/v2\/media?parent=435"}],"curies":[{"name":"wp","href":"https:\/\/api.w.org\/{rel}","templated":true}]}}