{"id":383,"date":"2025-05-05T11:46:18","date_gmt":"2025-05-05T10:46:18","guid":{"rendered":"https:\/\/kalkbrenner.ws\/?page_id=383"},"modified":"2025-10-27T10:40:05","modified_gmt":"2025-10-27T10:40:05","slug":"home","status":"publish","type":"page","link":"https:\/\/kalkbrenner.ws\/pt-pt\/","title":{"rendered":"P\u00e1gina Inicial"},"content":{"rendered":"<div class=\"wpb-content-wrapper\"><p>[vc_row full_width=&#8221;stretch_row&#8221; css=&#8221;.vc_custom_1748342959168{margin-top: -20px !important;padding-top: 15px !important;padding-bottom: 15px !important;background-color: #f5f5f5 !important;}&#8221; conditional_render=&#8221;%5B%7B%22value_role%22%3A%22administrator%22%7D%5D&#8221; css_params=&#8221;&#8221; el_id=&#8221;pesquisa_desktop&#8221; el_class=&#8221;vc_hidden-xs&#8221;][vc_column][vc_single_image image=&#8221;457&#8243; img_size=&#8221;FULL&#8221; alignment=&#8221;center&#8221; onclick=&#8221;custom_link&#8221; css=&#8221;.vc_custom_1749828057586{margin-bottom: 0px !important;}&#8221; css_params=&#8221;&#8221; link=&#8221;https:\/\/reservas.kalkbrenner.ws\/aluguer\/aluguer-alugueres-d0\/&#8221; el_id=&#8221;destop&#8221;][\/vc_column][\/vc_row][vc_row full_width=&#8221;stretch_row&#8221; css=&#8221;.vc_custom_1749641552553{margin-top: -42px !important;margin-bottom: 0px !important;padding-top: 15px !important;padding-bottom: 15px !important;background-color: #f5f5f5 !important;}&#8221; conditional_render=&#8221;%5B%7B%22value_role%22%3A%22administrator%22%7D%5D&#8221; css_params=&#8221;&#8221; el_id=&#8221;pesquisa_movel&#8221; el_class=&#8221;vc_hidden-lg vc_hidden-md vc_hidden-sm&#8221;][vc_column][vc_single_image image=&#8221;455&#8243; img_size=&#8221;FULL&#8221; alignment=&#8221;center&#8221; onclick=&#8221;custom_link&#8221; css=&#8221;.vc_custom_1749828089388{margin-bottom: 0px !important;}&#8221; css_params=&#8221;&#8221; link=&#8221;https:\/\/reservas.kalkbrenner.ws\/aluguer\/aluguer-alugueres-d0\/&#8221;][\/vc_column][\/vc_row][vc_row css=&#8221;.vc_custom_1746459054622{margin-top: 75px !important;}&#8221; conditional_render=&#8221;%5B%7B%22value_role%22%3A%22administrator%22%7D%5D&#8221; css_params=&#8221;&#8221;][vc_column width=&#8221;2\/3&#8243; offset=&#8221;vc_col-xl-6 vc_col-lg-8 vc_col-md-8&#8243; conditional_render=&#8221;%5B%7B%22value_role%22%3A%22administrator%22%7D%5D&#8221; css_params=&#8221;&#8221;][vc_column_text css=&#8221;&#8221; css_params=&#8221;&#8221;]<\/p>\n<h1><strong>Mais de 45 anos de experi\u00eancia<\/strong> na assist\u00eancia \u00e0 propriedade, gest\u00e3o e aluguer de curta dura\u00e7\u00e3o na Praia do Carvoeiro!<\/h1>\n<p>[\/vc_column_text][\/vc_column][\/vc_row][vc_row css=&#8221;.vc_custom_1746459060118{margin-top: 100px !important;}&#8221; conditional_render=&#8221;%5B%7B%22value_role%22%3A%22administrator%22%7D%5D&#8221; css_params=&#8221;&#8221;][vc_column][vc_text_separator title=&#8221;A nossa experi\u00eancia&#8221; title_align=&#8221;separator_align_left&#8221; align=&#8221;align_left&#8221; color=&#8221;custom&#8221; css=&#8221;&#8221; style=&#8221;solid&#8221; element=&#8221;h2&#8243; accent_color=&#8221;#e6e6e6&#8243; css_params=&#8221;&#8221;][\/vc_column][\/vc_row][vc_row gap=&#8221;30&#8243; css=&#8221;.vc_custom_1746459357521{margin-top: 40px !important;}&#8221; conditional_render=&#8221;%5B%7B%22value_role%22%3A%22administrator%22%7D%5D&#8221; css_params=&#8221;&#8221;][vc_column width=&#8221;1\/3&#8243;]<div class=\"porto-u-heading  wpb_custom_257a69c66b5315e12997390a986a5c34 porto-u-ad87e2eaf3f9c495180fe0156ddf3eb0 \"><div class=\"porto-u-main-heading\"><h2   style=\"margin-bottom: 15px;\">Gest\u00e3o completa<\/h2><\/div><div class=\"porto-u-sub-heading\" style=\"\">Como sua empresa de gest\u00e3o de propriedades sediada em Carvoeiro, tratamos dos problemas dos inquilinos, cobramos as rendas, tratamos da manuten\u00e7\u00e3o, das repara\u00e7\u00f5es e supervisionamos o pessoal. Coloque o seu investimento em boas m\u00e3os para garantir que mant\u00e9m o seu valor ao longo dos anos.<\/div><style>.porto-u-ad87e2eaf3f9c495180fe0156ddf3eb0.porto-u-heading{text-align:left}<\/style><\/div>[\/vc_column][vc_column width=&#8221;1\/3&#8243;]<div class=\"porto-u-heading  wpb_custom_257a69c66b5315e12997390a986a5c34 porto-u-ad87e2eaf3f9c495180fe0156ddf3eb0 \"><div class=\"porto-u-main-heading\"><h2   style=\"margin-bottom: 15px;\">Alojamento local<\/h2><\/div><div class=\"porto-u-sub-heading\" style=\"\">Contrate uma empresa de gest\u00e3o imobili\u00e1ria para gerir o seu alojamento local, desde o registo de clientes at\u00e9 \u00e0 regulamenta\u00e7\u00e3o das licen\u00e7as e da sa\u00fade e seguran\u00e7a. Deixe todos os aspetos da gest\u00e3o do arrendamento por nossa conta e desfrute da tranquilidade que uma equipa profissional de gest\u00e3o de propriedades proporciona aos im\u00f3veis arrendados.<\/div><style>.porto-u-ad87e2eaf3f9c495180fe0156ddf3eb0.porto-u-heading{text-align:left}<\/style><\/div>[\/vc_column][vc_column width=&#8221;1\/3&#8243;]<div class=\"porto-u-heading  wpb_custom_257a69c66b5315e12997390a986a5c34 porto-u-ad87e2eaf3f9c495180fe0156ddf3eb0 \"><div class=\"porto-u-main-heading\"><h2   style=\"margin-bottom: 15px;\">Regras e regulamentos do sector imobili\u00e1rio<\/h2><\/div><div class=\"porto-u-sub-heading\" style=\"\">Se procura comprar e tem quest\u00f5es sobre modelos de neg\u00f3cio, retornos de investimento, repara\u00e7\u00f5es ou impostos, fale connosco sobre solu\u00e7\u00f5es geridas para obter a informa\u00e7\u00e3o de que necessita.<\/p>\n<p>Agende uma consulta hoje para tomar uma decis\u00e3o de compra bem informada.<\/div><style>.porto-u-ad87e2eaf3f9c495180fe0156ddf3eb0.porto-u-heading{text-align:left}<\/style><\/div>[\/vc_column][\/vc_row][vc_row css=&#8221;.vc_custom_1746457578629{margin-top: 75px !important;}&#8221; conditional_render=&#8221;%5B%7B%22value_role%22%3A%22administrator%22%7D%5D&#8221; css_params=&#8221;&#8221;][vc_column]<div class=\"porto-block\" data-id=\"376\"><style>.vc_custom_1761560810707{background-image: url(https:\/\/kalkbrenner.ws\/wp-content\/uploads\/2025\/05\/contact-us-2.jpg?id=550) !important;background-position: center !important;background-repeat: no-repeat !important;background-size: cover !important;}.vc_custom_1746456880445{margin-bottom: 0px !important;}.vc_custom_1749818635296{margin-top: 50px !important;}.wpb_custom_833b57a40257c70fae898b52a19ab2ac.porto-u-heading .porto-u-main-heading > *{font-size:3rem;}@media (max-width:575px){.wpb_custom_833b57a40257c70fae898b52a19ab2ac.porto-u-heading .porto-u-main-heading > *{font-size:3rem;}}.wpb_custom_833b57a40257c70fae898b52a19ab2ac.porto-u-heading .porto-u-main-heading > *{line-height:1.1;}.wpb_custom_13675111f8767988fcb5dda4e1c47101.porto-btn{font-family:Inria Serif;font-size:22px;}<\/style>[vc_row content_placement=\"middle\" conditional_render=\"%5B%7B%22value_role%22%3A%22administrator%22%7D%5D\" css_params=\"\"][vc_column]<div class=\"porto-ibanner interactive-banner-wrap-1368ed295cfdbb6b88adaac7efb6cfe6 vc_custom_1761560810707 banner-right\" style=\"min-height:500px;\"><div class=\"porto-ibanner-desc no-padding d-flex\"><div class=\"porto-ibanner-layer vc_custom_1746456880445 wpb_custom_2c5109c031829f9c54153ed0e6239ff6 banner-pos-f6356757d4f73384a3f5bc65723ae83a\" style=\"width:90%;\"><div class=\"porto-u-heading  wpb_custom_833b57a40257c70fae898b52a19ab2ac porto-u-366ff92ac56193420f452da2f89b711d \"><div class=\"porto-u-main-heading\"><h2   style=\"color:#004aad;margin-bottom: 5px;\">Kalkbrenner Properties<\/h2><\/div><div class=\"porto-u-sub-heading\" style=\"color: #004aad;\"><span style=\"font-size: 22px;\">Aluguer de Vivendas - Imobili\u00e1ria - Gest\u00e3o de Propriedades<\/span><\/div><style>.porto-u-366ff92ac56193420f452da2f89b711d.porto-u-heading{text-align:left} @media(max-width:991px){ .porto-u-366ff92ac56193420f452da2f89b711d.porto-u-heading{text-align:center}} @media(max-width:767px){ .porto-u-366ff92ac56193420f452da2f89b711d.porto-u-heading{text-align:center}} @media(max-width:575px){ .porto-u-366ff92ac56193420f452da2f89b711d.porto-u-heading{text-align:center}}<\/style><\/div><div class=\"porto-btn-ctn-left botao-banner\"><a class=\"porto-btn  vc_custom_1749818635296 porto-adjust-bottom-margin porto-btn-small porto-btn-fade-bg   wpb_custom_13675111f8767988fcb5dda4e1c47101  porto-btn-left \" title='Contacte-nos' rel='' href = \"\/pt-pt\/contacte-nos\/\"  data-hover=\"#ffffff\" data-border-color=\"#004aad\" data-bg=\"rgba(255,255,255,0.01)\" data-hover-bg=\"#004aad\" data-border-hover=\"#004aad\" data-shadow-click=\"none\" data-shadow=\"\" style=\"border-width:1px;border-color:#004aad;border-style:solid;background: rgba(255,255,255,0.01);color: #004aad;\"><span class=\"porto-btn-hover\" style=\"background-color:#004aad\"><\/span><span class=\"porto-btn-data porto-btn-text \" >Contacte-nos<\/span><\/a><\/div><style>.banner-pos-f6356757d4f73384a3f5bc65723ae83a {left: 50%;right: unset;top: 50%;bottom: unset;transform: translate(-50%, -50%);}<\/style><\/div><\/div><\/div>[\/vc_column][\/vc_row]<\/div>[\/vc_column][\/vc_row][vc_row css=&#8221;.vc_custom_1746447191746{margin-top: 75px !important;}&#8221; conditional_render=&#8221;%5B%7B%22value_role%22%3A%22administrator%22%7D%5D&#8221; css_params=&#8221;&#8221;][vc_column][vc_text_separator title=&#8221;Rede de Empresas&#8221; title_align=&#8221;separator_align_left&#8221; align=&#8221;align_left&#8221; color=&#8221;custom&#8221; css=&#8221;&#8221; style=&#8221;solid&#8221; element=&#8221;h2&#8243; accent_color=&#8221;#e6e6e6&#8243; css_params=&#8221;&#8221;][\/vc_column][\/vc_row][vc_row gap=&#8221;30&#8243; css=&#8221;.vc_custom_1746459372508{margin-top: 40px !important;}&#8221; conditional_render=&#8221;%5B%7B%22value_role%22%3A%22administrator%22%7D%5D&#8221; css_params=&#8221;&#8221;][vc_column width=&#8221;1\/3&#8243;]<div class=\"porto-u-heading  wpb_custom_257a69c66b5315e12997390a986a5c34 porto-u-ad87e2eaf3f9c495180fe0156ddf3eb0  vc_custom_1746458842377\"><div class=\"porto-u-main-heading\"><h2   style=\"margin-bottom: 15px;\">Diret\u00f3rio de Carvoeiro<\/h2><\/div><div class=\"porto-u-sub-heading\" style=\"\">A partir de 2020, o cl\u00e1ssico folheto informativo da moradia transitou para um formato digital, fornecendo aos viajantes informa\u00e7\u00f5es e recomenda\u00e7\u00f5es de auto-experi\u00eancia para atividades e restaurantes locais, bem como uma plataforma de redes sociais que fornece atualiza\u00e7\u00f5es regulares sobre dicas e tend\u00eancias. Cada casa tem a sua pr\u00f3pria p\u00e1gina privada para o conte\u00fado espec\u00edfico da casa, mas as recomenda\u00e7\u00f5es est\u00e3o acess\u00edveis a todos.<\/div><style>.porto-u-ad87e2eaf3f9c495180fe0156ddf3eb0.porto-u-heading{text-align:left}<\/style><\/div>[vc_icon icon_fontawesome=&#8221;fab fa-instagram&#8221; color=&#8221;custom&#8221; background_style=&#8221;rounded&#8221; background_color=&#8221;custom&#8221; size=&#8221;xs&#8221; css=&#8221;.vc_custom_1746457524812{margin-left: 0px !important;}&#8221; custom_color=&#8221;#ffffff&#8221; link=&#8221;url:https%3A%2F%2Fwww.instagram.com%2Fcarvoeiro.directory%2F|target:_blank|&#8221; css_params=&#8221;&#8221; custom_background_color=&#8221;#004aad&#8221;][\/vc_column][vc_column width=&#8221;2\/3&#8243;]<div class=\"porto-u-heading  wpb_custom_257a69c66b5315e12997390a986a5c34 porto-u-ad87e2eaf3f9c495180fe0156ddf3eb0  vc_custom_1746458853276\"><div class=\"porto-u-main-heading\"><h2   style=\"margin-bottom: 15px;\">boxpt.eu<\/h2><\/div><div class=\"porto-u-sub-heading\" style=\"\">Com o passar dos anos, a log\u00edstica torna-se uma parte substancial da propriedade: deixar o carro na entrada da garagem durante meses a fio ou trancar divis\u00f5es inteiras de uma propriedade, perdendo enormes receitas potenciais no processo apenas para guardar objectos pessoais, parece insensato. Por isso, quando surgiu a oportunidade, decidimos abrir um armaz\u00e9m, junto ao nosso escrit\u00f3rio em Carvoeiro, com um conceito que permite satisfazer as necessidades de armazenamento de viaturas e de particulares.<\/p>\n<p><a href=\"https:\/\/boxpt.eu\" target=\"_blank\" rel=\"noopener\">www.boxpt.eu<\/a><\/div><style>.porto-u-ad87e2eaf3f9c495180fe0156ddf3eb0.porto-u-heading{text-align:left}<\/style><\/div>[vc_icon icon_fontawesome=&#8221;fab fa-facebook-f&#8221; color=&#8221;custom&#8221; background_style=&#8221;rounded&#8221; background_color=&#8221;custom&#8221; size=&#8221;xs&#8221; css=&#8221;.vc_custom_1746447427984{margin-left: 0px !important;}&#8221; custom_color=&#8221;#ffffff&#8221; link=&#8221;url:https%3A%2F%2Fwww.facebook.com%2Fboxpt%2F|target:_blank|&#8221; css_params=&#8221;&#8221; custom_background_color=&#8221;#004aad&#8221;][\/vc_column][\/vc_row][vc_row css=&#8221;.vc_custom_1746457435829{margin-top: 75px !important;}&#8221; conditional_render=&#8221;%5B%7B%22value_role%22%3A%22administrator%22%7D%5D&#8221; css_params=&#8221;&#8221;][vc_column]<div class=\"porto-block\" data-id=\"375\"><style>.vc_custom_1761561253328{background-image: url(https:\/\/kalkbrenner.ws\/wp-content\/uploads\/2025\/05\/reserve-now-2.jpg?id=553) !important;background-position: center !important;background-repeat: no-repeat !important;background-size: cover !important;}.vc_custom_1746456880445{margin-bottom: 0px !important;}.vc_custom_1749818708360{margin-top: 50px !important;}.wpb_custom_5500edc1189ad05591b1ed1a23096303.porto-u-heading .porto-u-main-heading > *{font-size:3rem;}@media (max-width:575px){.wpb_custom_5500edc1189ad05591b1ed1a23096303.porto-u-heading .porto-u-main-heading > *{font-size:3rem;}}.wpb_custom_5500edc1189ad05591b1ed1a23096303.porto-u-heading .porto-u-main-heading > *{line-height:1;}.wpb_custom_13675111f8767988fcb5dda4e1c47101.porto-btn{font-family:Inria Serif;font-size:22px;}<\/style>[vc_row content_placement=\"middle\" conditional_render=\"%5B%7B%22value_role%22%3A%22administrator%22%7D%5D\" css_params=\"\"][vc_column]<div class=\"porto-ibanner interactive-banner-wrap-1368ed295cfdbb6b88adaac7efb6cfe6 vc_custom_1761561253328 banner\" style=\"min-height:500px;\"><div class=\"porto-ibanner-desc no-padding d-flex\"><div class=\"porto-ibanner-layer vc_custom_1746456880445 wpb_custom_2c5109c031829f9c54153ed0e6239ff6 banner-pos-f6356757d4f73384a3f5bc65723ae83a\" style=\"width:90%;\"><div class=\"porto-u-heading  wpb_custom_5500edc1189ad05591b1ed1a23096303 porto-u-552b4964a198c60420310b5049462a59 \"><div class=\"porto-u-main-heading\"><h2   style=\"color:#004aad;margin-bottom: 5px;\">Reserve j\u00e1 as suas f\u00e9rias<\/h2><\/div><div class=\"porto-u-sub-heading\" style=\"color: #004aad;\"><span style=\"font-size: 22px;\">Venha desfrutar connosco do melhor que o Algarve tem para oferecer.<\/span><\/div><style>.porto-u-552b4964a198c60420310b5049462a59.porto-u-heading{text-align:right} @media(max-width:991px){ .porto-u-552b4964a198c60420310b5049462a59.porto-u-heading{text-align:center}} @media(max-width:767px){ .porto-u-552b4964a198c60420310b5049462a59.porto-u-heading{text-align:center}} @media(max-width:575px){ .porto-u-552b4964a198c60420310b5049462a59.porto-u-heading{text-align:center}}<\/style><\/div><div class=\"porto-btn-ctn-right botao-banner\"><a class=\"porto-btn  vc_custom_1749818708360 porto-adjust-bottom-margin porto-btn-small porto-btn-fade-bg   wpb_custom_13675111f8767988fcb5dda4e1c47101  porto-btn-right \"  rel='' href = \"https:\/\/reservas.kalkbrenner.ws\/aluguer\/aluguer-alugueres-d0\/\"  data-hover=\"#ffffff\" data-border-color=\"#004aad\" data-bg=\"rgba(255,255,255,0.01)\" data-hover-bg=\"#004aad\" data-border-hover=\"#004aad\" data-shadow-click=\"none\" data-shadow=\"\" style=\"border-width:1px;border-color:#004aad;border-style:solid;background: rgba(255,255,255,0.01);color: #004aad;\"><span class=\"porto-btn-hover\" style=\"background-color:#004aad\"><\/span><span class=\"porto-btn-data porto-btn-text \" >Reserve agora<\/span><\/a><\/div><style>.banner-pos-f6356757d4f73384a3f5bc65723ae83a {left: 50%;right: unset;top: 50%;bottom: unset;transform: translate(-50%, -50%);}<\/style><\/div><\/div><\/div>[\/vc_column][\/vc_row]<\/div>[\/vc_column][\/vc_row][vc_row css=&#8221;.vc_custom_1746448191769{margin-top: 75px !important;margin-bottom: 50px !important;}&#8221; conditional_render=&#8221;%5B%7B%22value_role%22%3A%22administrator%22%7D%5D&#8221; css_params=&#8221;&#8221;][vc_column width=&#8221;1\/2&#8243; offset=&#8221;vc_col-xl-3 vc_col-lg-3 vc_col-md-6&#8243; conditional_render=&#8221;%5B%7B%22value_role%22%3A%22administrator%22%7D%5D&#8221; css_params=&#8221;&#8221;]<div class=\"porto-u-heading  wpb_custom_ede98e8ecee89fbd6dab7528e5940e9a porto-u-ad87e2eaf3f9c495180fe0156ddf3eb0  vc_custom_1746462171331\"><div class=\"porto-u-main-heading\"><h2   style=\"margin-bottom: 15px;\">Servi\u00e7os extra<\/h2><\/div><div class=\"porto-u-sub-heading\" style=\"\">Se precisar de transfer do aeroporto ou aluguer de autom\u00f3veis, podemos fornecer-lhe os melhores servi\u00e7os.<\/div><style>.porto-u-ad87e2eaf3f9c495180fe0156ddf3eb0.porto-u-heading{text-align:left}<\/style><\/div>[\/vc_column][vc_column width=&#8221;1\/2&#8243; offset=&#8221;vc_col-xl-3 vc_col-lg-3 vc_col-md-6&#8243; conditional_render=&#8221;%5B%7B%22value_role%22%3A%22administrator%22%7D%5D&#8221; css_params=&#8221;&#8221;]<a aria-label=\"Aluguer de\" class=\"porto-sicon-box-link\" href=\"#\"><div class=\"porto-sicon-box  vc_custom_1761561502278  wpb_custom_6f178e6e03f27f9a16edd6403717e2ac style_2 top-icon\"><div class=\"porto-sicon-top\"><div class=\"porto-just-icon-wrapper porto-sicon-img  porto-icon-9f5d1cfb45d27d96b50bf473aebba227\" style=\"font-size: 120px;\"><img loading=\"lazy\" decoding=\"async\" class=\"img-icon\" alt=\"\" src=\"https:\/\/kalkbrenner.ws\/wp-content\/uploads\/2025\/05\/car.svg\" width=\"24076\" height=\"21546\" \/><\/div><\/div><div class=\"porto-sicon-header\"><h1 class=\"porto-sicon-title\" style=\"\">Aluguer de<\/h1><p style=\"color:#ffffff;\">Autom\u00f3veis<\/p><\/div> <!-- header --><\/div><!-- porto-sicon-box --><\/a>[\/vc_column][vc_column width=&#8221;1\/2&#8243; offset=&#8221;vc_col-xl-3 vc_col-lg-3 vc_col-md-6&#8243; conditional_render=&#8221;%5B%7B%22value_role%22%3A%22administrator%22%7D%5D&#8221; css_params=&#8221;&#8221;]<a aria-label=\"Transferes\" class=\"porto-sicon-box-link\" href=\"#\"><div class=\"porto-sicon-box  vc_custom_1761561597032  wpb_custom_06dcb749aa64db442816b9fdf7c61ee0 style_2 top-icon\"><div class=\"porto-sicon-top\"><div class=\"porto-just-icon-wrapper porto-sicon-img  porto-icon-9f5d1cfb45d27d96b50bf473aebba227\" style=\"font-size: 120px;\"><img loading=\"lazy\" decoding=\"async\" class=\"img-icon\" alt=\"\" src=\"https:\/\/kalkbrenner.ws\/wp-content\/uploads\/2025\/05\/airplane.svg\" width=\"1798\" height=\"1609\" \/><\/div><\/div><div class=\"porto-sicon-header\"><h1 class=\"porto-sicon-title\" style=\"\">Transferes<\/h1><p style=\"color:#ffffff;\">Aeroporto<\/p><\/div> <!-- header --><\/div><!-- porto-sicon-box --><\/a>[\/vc_column][vc_column width=&#8221;1\/2&#8243; offset=&#8221;vc_col-xl-3 vc_col-lg-3 vc_col-md-6&#8243; conditional_render=&#8221;%5B%7B%22value_role%22%3A%22administrator%22%7D%5D&#8221; css_params=&#8221;&#8221;]<a aria-label=\"Excurs\u00f5es\" class=\"porto-sicon-box-link\" href=\"#\"><div class=\"porto-sicon-box  vc_custom_1761561563816  wpb_custom_33e23dd2b03510857af11f353c9a0000 style_2 top-icon\"><div class=\"porto-sicon-top\"><div class=\"porto-just-icon-wrapper porto-sicon-img  porto-icon-9f5d1cfb45d27d96b50bf473aebba227\" style=\"font-size: 120px;\"><img loading=\"lazy\" decoding=\"async\" class=\"img-icon\" alt=\"\" src=\"https:\/\/kalkbrenner.ws\/wp-content\/uploads\/2025\/06\/tours.svg\" width=\"867\" height=\"776\" \/><\/div><\/div><div class=\"porto-sicon-header\"><h1 class=\"porto-sicon-title\" style=\"\">Excurs\u00f5es<\/h1><p style=\"color:#004aad;\">-<\/p><\/div> <!-- header --><\/div><!-- porto-sicon-box --><\/a>[\/vc_column][\/vc_row]<\/p>\n<\/div>","protected":false},"excerpt":{"rendered":"<p>[vc_row full_width=&#8221;stretch_row&#8221; css=&#8221;.vc_custom_1748342959168{margin-top: -20px !important;padding-top: 15px !important;padding-bottom: 15px !important;background-color: #f5f5f5 !important;}&#8221; conditional_render=&#8221;%5B%7B%22value_role%22%3A%22administrator%22%7D%5D&#8221; css_params=&#8221;&#8221; el_id=&#8221;pesquisa_desktop&#8221; el_class=&#8221;vc_hidden-xs&#8221;][vc_column][vc_single_image image=&#8221;457&#8243; img_size=&#8221;FULL&#8221; alignment=&#8221;center&#8221; onclick=&#8221;custom_link&#8221; css=&#8221;.vc_custom_1749828057586{margin-bottom: 0px !important;}&#8221; css_params=&#8221;&#8221; link=&#8221;https:\/\/reservas.kalkbrenner.ws\/aluguer\/aluguer-alugueres-d0\/&#8221; el_id=&#8221;destop&#8221;][\/vc_column][\/vc_row][vc_row full_width=&#8221;stretch_row&#8221; css=&#8221;.vc_custom_1749641552553{margin-top: -42px !important;margin-bottom: 0px !important;padding-top: 15px !important;padding-bottom: 15px !important;background-color: #f5f5f5 !important;}&#8221; conditional_render=&#8221;%5B%7B%22value_role%22%3A%22administrator%22%7D%5D&#8221; css_params=&#8221;&#8221; el_id=&#8221;pesquisa_movel&#8221; el_class=&#8221;vc_hidden-lg vc_hidden-md vc_hidden-sm&#8221;][vc_column][vc_single_image image=&#8221;455&#8243; img_size=&#8221;FULL&#8221; alignment=&#8221;center&#8221; onclick=&#8221;custom_link&#8221; css=&#8221;.vc_custom_1749828089388{margin-bottom: 0px !important;}&#8221; css_params=&#8221;&#8221; link=&#8221;https:\/\/reservas.kalkbrenner.ws\/aluguer\/aluguer-alugueres-d0\/&#8221;][\/vc_column][\/vc_row][vc_row css=&#8221;.vc_custom_1746459054622{margin-top: 75px !important;}&#8221; [&hellip;]<\/p>\n","protected":false},"author":1,"featured_media":0,"parent":0,"menu_order":0,"comment_status":"closed","ping_status":"closed","template":"","meta":{"footnotes":""},"class_list":["post-383","page","type-page","status-publish","hentry"],"_links":{"self":[{"href":"https:\/\/kalkbrenner.ws\/pt-pt\/wp-json\/wp\/v2\/pages\/383","targetHints":{"allow":["GET"]}}],"collection":[{"href":"https:\/\/kalkbrenner.ws\/pt-pt\/wp-json\/wp\/v2\/pages"}],"about":[{"href":"https:\/\/kalkbrenner.ws\/pt-pt\/wp-json\/wp\/v2\/types\/page"}],"author":[{"embeddable":true,"href":"https:\/\/kalkbrenner.ws\/pt-pt\/wp-json\/wp\/v2\/users\/1"}],"replies":[{"embeddable":true,"href":"https:\/\/kalkbrenner.ws\/pt-pt\/wp-json\/wp\/v2\/comments?post=383"}],"version-history":[{"count":32,"href":"https:\/\/kalkbrenner.ws\/pt-pt\/wp-json\/wp\/v2\/pages\/383\/revisions"}],"predecessor-version":[{"id":558,"href":"https:\/\/kalkbrenner.ws\/pt-pt\/wp-json\/wp\/v2\/pages\/383\/revisions\/558"}],"wp:attachment":[{"href":"https:\/\/kalkbrenner.ws\/pt-pt\/wp-json\/wp\/v2\/media?parent=383"}],"curies":[{"name":"wp","href":"https:\/\/api.w.org\/{rel}","templated":true}]}}