{"id":380,"date":"2025-05-05T16:56:15","date_gmt":"2025-05-05T15:56:15","guid":{"rendered":"https:\/\/kalkbrenner.ws\/sobre-nos\/"},"modified":"2026-01-30T15:20:24","modified_gmt":"2026-01-30T15:20:24","slug":"sobre-nos","status":"publish","type":"page","link":"https:\/\/kalkbrenner.ws\/pt-pt\/sobre-nos\/","title":{"rendered":"Sobre n\u00f3s"},"content":{"rendered":"<div class=\"wpb-content-wrapper\"><p>[vc_row css=&#8221;.vc_custom_1746459060118{margin-top: 100px !important;}&#8221; conditional_render=&#8221;%5B%7B%22value_role%22%3A%22administrator%22%7D%5D&#8221; css_params=&#8221;&#8221;][vc_column][vc_text_separator title=&#8221;Conhe\u00e7a a Equipa&#8221; title_align=&#8221;separator_align_left&#8221; align=&#8221;align_left&#8221; color=&#8221;custom&#8221; css=&#8221;&#8221; style=&#8221;solid&#8221; element=&#8221;h2&#8243; accent_color=&#8221;#e6e6e6&#8243; css_params=&#8221;&#8221;][\/vc_column][\/vc_row][vc_row conditional_render=&#8221;%5B%7B%22value_role%22%3A%22administrator%22%7D%5D&#8221; css_params=&#8221;&#8221; css=&#8221;.vc_custom_1748344289504{padding-top: 50px !important;}&#8221;][vc_column width=&#8221;1\/3&#8243;]<div class=\"porto-sicon-box  wpb_custom_9d3ed8f607cc011188fbf691d9310ffa style_1 top-icon\"><div class=\"porto-sicon-header\"><h3 class=\"porto-sicon-title\" style=\"\">Rene Kalkbrenner<\/h3><p>CEO & S\u00f3cio-Gerente<\/p><\/div> <!-- header --><\/div><!-- porto-sicon-box --><div class=\"porto-sicon-box  wpb_custom_9d3ed8f607cc011188fbf691d9310ffa style_1 top-icon\"><div class=\"porto-sicon-header\"><h3 class=\"porto-sicon-title\" style=\"\">Claudia Kalkbrenner<\/h3><p>CEO & S\u00f3cio-Gerente<\/p><\/div> <!-- header --><\/div><!-- porto-sicon-box -->[\/vc_column][vc_column width=&#8221;1\/3&#8243;]<div class=\"porto-sicon-box  wpb_custom_9d3ed8f607cc011188fbf691d9310ffa style_1 top-icon\"><div class=\"porto-sicon-header\"><h3 class=\"porto-sicon-title\" style=\"\">Paula Cabrita<\/h3><p>Projetos e Servi\u00e7o ao Cliente<\/p><\/div> <!-- header --><\/div><!-- porto-sicon-box --><div class=\"porto-sicon-box  wpb_custom_9d3ed8f607cc011188fbf691d9310ffa style_1 top-icon\"><div class=\"porto-sicon-header\"><h3 class=\"porto-sicon-title\" style=\"\">Anabela Palma<\/h3><p>Servi\u00e7o ao Cliente e Reservas<\/p><\/div> <!-- header --><\/div><!-- porto-sicon-box --><div class=\"porto-sicon-box  wpb_custom_9d3ed8f607cc011188fbf691d9310ffa style_1 top-icon\"><div class=\"porto-sicon-header\"><h3 class=\"porto-sicon-title\" style=\"\">Nelson Neves<\/h3><p>Servi\u00e7o ao Cliente e Reservas<\/p><\/div> <!-- header --><\/div><!-- porto-sicon-box --><div class=\"porto-sicon-box  wpb_custom_9d3ed8f607cc011188fbf691d9310ffa style_1 top-icon\"><div class=\"porto-sicon-header\"><h3 class=\"porto-sicon-title\" style=\"\">In\u00eas Lapa<\/h3><p>Servi\u00e7o ao Cliente e Reservas<\/p><\/div> <!-- header --><\/div><!-- porto-sicon-box -->[\/vc_column][vc_column width=&#8221;1\/3&#8243;]<div class=\"porto-sicon-box  wpb_custom_9d3ed8f607cc011188fbf691d9310ffa style_1 top-icon\"><div class=\"porto-sicon-header\"><h3 class=\"porto-sicon-title\" style=\"\">Marinella Ghezzo<\/h3><p>HR & Contabilidade<\/p><\/div> <!-- header --><\/div><!-- porto-sicon-box --><div class=\"porto-sicon-box  wpb_custom_9d3ed8f607cc011188fbf691d9310ffa style_1 top-icon\"><div class=\"porto-sicon-header\"><h3 class=\"porto-sicon-title\" style=\"\">Cristina Ferreira<\/h3><p>Servi\u00e7o ao Cliente e Contabilidade<\/p><\/div> <!-- header --><\/div><!-- porto-sicon-box --><div class=\"porto-sicon-box  wpb_custom_9d3ed8f607cc011188fbf691d9310ffa style_1 top-icon\"><div class=\"porto-sicon-header\"><h3 class=\"porto-sicon-title\" style=\"\">Catarina Barreira<\/h3><p>Servi\u00e7o ao Cliente e Contabilidade<\/p><\/div> <!-- header --><\/div><!-- porto-sicon-box --><div class=\"porto-sicon-box  wpb_custom_9d3ed8f607cc011188fbf691d9310ffa style_1 top-icon\"><div class=\"porto-sicon-header\"><h3 class=\"porto-sicon-title\" style=\"\">Jorge Maia<\/h3><p>Servi\u00e7o ao Cliente e Contabilidade<\/p><\/div> <!-- header --><\/div><!-- porto-sicon-box -->[\/vc_column][\/vc_row][vc_row css=&#8221;.vc_custom_1746459060118{margin-top: 100px !important;}&#8221; conditional_render=&#8221;%5B%7B%22value_role%22%3A%22administrator%22%7D%5D&#8221; css_params=&#8221;&#8221;][vc_column][vc_text_separator title=&#8221;Hist\u00f3ria da Empresa&#8221; title_align=&#8221;separator_align_left&#8221; align=&#8221;align_left&#8221; color=&#8221;custom&#8221; css=&#8221;&#8221; style=&#8221;solid&#8221; element=&#8221;h2&#8243; accent_color=&#8221;#e6e6e6&#8243; css_params=&#8221;&#8221;][\/vc_column][\/vc_row][vc_row gap=&#8221;30&#8243; css=&#8221;.vc_custom_1746459357521{margin-top: 40px !important;}&#8221; conditional_render=&#8221;%5B%7B%22value_role%22%3A%22administrator%22%7D%5D&#8221; css_params=&#8221;&#8221;][vc_column width=&#8221;1\/3&#8243;]<div class=\"porto-u-heading  wpb_custom_257a69c66b5315e12997390a986a5c34 porto-u-ad87e2eaf3f9c495180fe0156ddf3eb0 \"><div class=\"porto-u-main-heading\"><h2   style=\"margin-bottom: 15px;\">Os Primeiros Anos<\/h2><\/div><div class=\"porto-u-sub-heading\" style=\"\">Fundada a 16 de setembro de 1980 por Karl Wilhelm Kalkbrenner, os servi\u00e7os da empresa complementavam os Servi\u00e7os Imobili\u00e1rios prestados pelo propriet\u00e1rio da Al Villas, Enzio von Baselli, que era ent\u00e3o tamb\u00e9m C\u00f4nsul Honor\u00e1rio da Rep\u00fablica Federal da Alemanha no Algarve. Mantiveram-se parceiros de neg\u00f3cios durante quase uma d\u00e9cada, at\u00e9 \u00e0 reforma de Enzio.<\/div><style>.porto-u-ad87e2eaf3f9c495180fe0156ddf3eb0.porto-u-heading{text-align:left}<\/style><\/div>[\/vc_column][vc_column width=&#8221;1\/3&#8243;]<div class=\"porto-u-heading  wpb_custom_257a69c66b5315e12997390a986a5c34 porto-u-ad87e2eaf3f9c495180fe0156ddf3eb0 \"><div class=\"porto-u-main-heading\"><h2   style=\"margin-bottom: 15px;\">Virar do S\u00e9culo<\/h2><\/div><div class=\"porto-u-sub-heading\" style=\"\">Ap\u00f3s passar v\u00e1rios ver\u00f5es escolares a estagiar com o seu pai e tendo conclu\u00eddo o seu Curso de Gest\u00e3o de Empresas na C\u00e2mara de Com\u00e9rcio Luso-Alem\u00e3 em Lisboa, Ren\u00e9 juntou-se \u00e0 empresa em outubro de 2001. Auxiliou o seu pai na gest\u00e3o da empresa at\u00e9 \u00e0 reforma deste em dezembro de 2009.<\/div><style>.porto-u-ad87e2eaf3f9c495180fe0156ddf3eb0.porto-u-heading{text-align:left}<\/style><\/div>[\/vc_column][vc_column width=&#8221;1\/3&#8243;]<div class=\"porto-u-heading  wpb_custom_257a69c66b5315e12997390a986a5c34 porto-u-ad87e2eaf3f9c495180fe0156ddf3eb0 \"><div class=\"porto-u-main-heading\"><h2   style=\"margin-bottom: 15px;\">A 2\u00aa Gera\u00e7\u00e3o<\/h2><\/div><div class=\"porto-u-sub-heading\" style=\"\">Ap\u00f3s a transi\u00e7\u00e3o em 2010, Ren\u00e9 concentrou-se em desenvolver e expandir o trabalho de base estabelecido pelo seu pai. Nos anos seguintes, construiu uma rede de empresas que sinergizam com os servi\u00e7os de gest\u00e3o de propriedades fornecidos por esta empresa. Atualmente, prestam servi\u00e7os em Imobili\u00e1rio, desenvolvimento imobili\u00e1rio, log\u00edstica e armazenamento, bem como solu\u00e7\u00f5es comerciais para empresas sediadas no estrangeiro.<\/div><style>.porto-u-ad87e2eaf3f9c495180fe0156ddf3eb0.porto-u-heading{text-align:left}<\/style><\/div>[\/vc_column][\/vc_row][vc_row css=&#8221;.vc_custom_1746464678346{margin-top: 75px !important;}&#8221; conditional_render=&#8221;%5B%7B%22value_role%22%3A%22administrator%22%7D%5D&#8221; css_params=&#8221;&#8221;][vc_column]<div class=\"porto-block\" data-id=\"376\"><style>.vc_custom_1761560810707{background-image: url(https:\/\/kalkbrenner.ws\/wp-content\/uploads\/2025\/05\/contact-us-2.jpg?id=550) !important;background-position: center !important;background-repeat: no-repeat !important;background-size: cover !important;}.vc_custom_1746456880445{margin-bottom: 0px !important;}.vc_custom_1749818635296{margin-top: 50px !important;}.wpb_custom_833b57a40257c70fae898b52a19ab2ac.porto-u-heading .porto-u-main-heading > *{font-size:3rem;}@media (max-width:575px){.wpb_custom_833b57a40257c70fae898b52a19ab2ac.porto-u-heading .porto-u-main-heading > *{font-size:3rem;}}.wpb_custom_833b57a40257c70fae898b52a19ab2ac.porto-u-heading .porto-u-main-heading > *{line-height:1.1;}.wpb_custom_13675111f8767988fcb5dda4e1c47101.porto-btn{font-family:Inria Serif;font-size:22px;}<\/style>[vc_row content_placement=\"middle\" conditional_render=\"%5B%7B%22value_role%22%3A%22administrator%22%7D%5D\" css_params=\"\"][vc_column]<div class=\"porto-ibanner interactive-banner-wrap-1368ed295cfdbb6b88adaac7efb6cfe6 vc_custom_1761560810707 banner-right\" style=\"min-height:500px;\"><div class=\"porto-ibanner-desc no-padding d-flex\"><div class=\"porto-ibanner-layer vc_custom_1746456880445 wpb_custom_2c5109c031829f9c54153ed0e6239ff6 banner-pos-f6356757d4f73384a3f5bc65723ae83a\" style=\"width:90%;\"><div class=\"porto-u-heading  wpb_custom_833b57a40257c70fae898b52a19ab2ac porto-u-366ff92ac56193420f452da2f89b711d \"><div class=\"porto-u-main-heading\"><h2   style=\"color:#004aad;margin-bottom: 5px;\">Kalkbrenner Properties<\/h2><\/div><div class=\"porto-u-sub-heading\" style=\"color: #004aad;\"><span style=\"font-size: 22px;\">Aluguer de Vivendas - Imobili\u00e1ria - Gest\u00e3o de Propriedades<\/span><\/div><style>.porto-u-366ff92ac56193420f452da2f89b711d.porto-u-heading{text-align:left} @media(max-width:991px){ .porto-u-366ff92ac56193420f452da2f89b711d.porto-u-heading{text-align:center}} @media(max-width:767px){ .porto-u-366ff92ac56193420f452da2f89b711d.porto-u-heading{text-align:center}} @media(max-width:575px){ .porto-u-366ff92ac56193420f452da2f89b711d.porto-u-heading{text-align:center}}<\/style><\/div><div class=\"porto-btn-ctn-left botao-banner\"><a class=\"porto-btn  vc_custom_1749818635296 porto-adjust-bottom-margin porto-btn-small porto-btn-fade-bg   wpb_custom_13675111f8767988fcb5dda4e1c47101  porto-btn-left \" title='Contacte-nos' rel='' href = \"\/pt-pt\/contacte-nos\/\"  data-hover=\"#ffffff\" data-border-color=\"#004aad\" data-bg=\"rgba(255,255,255,0.01)\" data-hover-bg=\"#004aad\" data-border-hover=\"#004aad\" data-shadow-click=\"none\" data-shadow=\"\" style=\"border-width:1px;border-color:#004aad;border-style:solid;background: rgba(255,255,255,0.01);color: #004aad;\"><span class=\"porto-btn-hover\" style=\"background-color:#004aad\"><\/span><span class=\"porto-btn-data porto-btn-text \" >Contacte-nos<\/span><\/a><\/div><style>.banner-pos-f6356757d4f73384a3f5bc65723ae83a {left: 50%;right: unset;top: 50%;bottom: unset;transform: translate(-50%, -50%);}<\/style><\/div><\/div><\/div>[\/vc_column][\/vc_row]<\/div>[\/vc_column][\/vc_row]<\/p>\n<\/div>","protected":false},"excerpt":{"rendered":"<p>[vc_row css=&#8221;.vc_custom_1746459060118{margin-top: 100px !important;}&#8221; conditional_render=&#8221;%5B%7B%22value_role%22%3A%22administrator%22%7D%5D&#8221; css_params=&#8221;&#8221;][vc_column][vc_text_separator title=&#8221;Conhe\u00e7a a Equipa&#8221; title_align=&#8221;separator_align_left&#8221; align=&#8221;align_left&#8221; color=&#8221;custom&#8221; css=&#8221;&#8221; style=&#8221;solid&#8221; element=&#8221;h2&#8243; accent_color=&#8221;#e6e6e6&#8243; css_params=&#8221;&#8221;][\/vc_column][\/vc_row][vc_row conditional_render=&#8221;%5B%7B%22value_role%22%3A%22administrator%22%7D%5D&#8221; css_params=&#8221;&#8221; css=&#8221;.vc_custom_1748344289504{padding-top: 50px !important;}&#8221;][vc_column width=&#8221;1\/3&#8243;][\/vc_column][vc_column width=&#8221;1\/3&#8243;][\/vc_column][vc_column width=&#8221;1\/3&#8243;][\/vc_column][\/vc_row][vc_row css=&#8221;.vc_custom_1746459060118{margin-top: 100px !important;}&#8221; conditional_render=&#8221;%5B%7B%22value_role%22%3A%22administrator%22%7D%5D&#8221; css_params=&#8221;&#8221;][vc_column][vc_text_separator title=&#8221;Hist\u00f3ria da Empresa&#8221; title_align=&#8221;separator_align_left&#8221; align=&#8221;align_left&#8221; color=&#8221;custom&#8221; css=&#8221;&#8221; style=&#8221;solid&#8221; element=&#8221;h2&#8243; accent_color=&#8221;#e6e6e6&#8243; css_params=&#8221;&#8221;][\/vc_column][\/vc_row][vc_row gap=&#8221;30&#8243; css=&#8221;.vc_custom_1746459357521{margin-top: 40px !important;}&#8221; conditional_render=&#8221;%5B%7B%22value_role%22%3A%22administrator%22%7D%5D&#8221; css_params=&#8221;&#8221;][vc_column width=&#8221;1\/3&#8243;][\/vc_column][vc_column width=&#8221;1\/3&#8243;][\/vc_column][vc_column width=&#8221;1\/3&#8243;][\/vc_column][\/vc_row][vc_row css=&#8221;.vc_custom_1746464678346{margin-top: 75px !important;}&#8221; conditional_render=&#8221;%5B%7B%22value_role%22%3A%22administrator%22%7D%5D&#8221; css_params=&#8221;&#8221;][vc_column][\/vc_column][\/vc_row]<\/p>\n","protected":false},"author":1,"featured_media":0,"parent":0,"menu_order":0,"comment_status":"closed","ping_status":"closed","template":"","meta":{"footnotes":""},"class_list":["post-380","page","type-page","status-publish","hentry"],"_links":{"self":[{"href":"https:\/\/kalkbrenner.ws\/pt-pt\/wp-json\/wp\/v2\/pages\/380","targetHints":{"allow":["GET"]}}],"collection":[{"href":"https:\/\/kalkbrenner.ws\/pt-pt\/wp-json\/wp\/v2\/pages"}],"about":[{"href":"https:\/\/kalkbrenner.ws\/pt-pt\/wp-json\/wp\/v2\/types\/page"}],"author":[{"embeddable":true,"href":"https:\/\/kalkbrenner.ws\/pt-pt\/wp-json\/wp\/v2\/users\/1"}],"replies":[{"embeddable":true,"href":"https:\/\/kalkbrenner.ws\/pt-pt\/wp-json\/wp\/v2\/comments?post=380"}],"version-history":[{"count":5,"href":"https:\/\/kalkbrenner.ws\/pt-pt\/wp-json\/wp\/v2\/pages\/380\/revisions"}],"predecessor-version":[{"id":590,"href":"https:\/\/kalkbrenner.ws\/pt-pt\/wp-json\/wp\/v2\/pages\/380\/revisions\/590"}],"wp:attachment":[{"href":"https:\/\/kalkbrenner.ws\/pt-pt\/wp-json\/wp\/v2\/media?parent=380"}],"curies":[{"name":"wp","href":"https:\/\/api.w.org\/{rel}","templated":true}]}}