{"id":670,"date":"2025-05-27T13:22:08","date_gmt":"2025-05-27T12:22:08","guid":{"rendered":"https:\/\/kalkbrenner.ws\/politique-de-confidentialite\/"},"modified":"2026-04-24T11:15:36","modified_gmt":"2026-04-24T10:15:36","slug":"politique-de-confidentialite","status":"publish","type":"page","link":"https:\/\/kalkbrenner.ws\/fr\/politique-de-confidentialite\/","title":{"rendered":"Politique de confidentialit\u00e9"},"content":{"rendered":"<div class=\"wpb-content-wrapper\"><p>[vc_row css=\u00a0\u00bb.vc_custom_1746459060118{margin-top: 100px !important;}\u00a0\u00bb conditional_render=\u00a0\u00bb%5B%7B%22value_role%22%3A%22administrator%22%7D%5D\u00a0\u00bb css_params=\u00a0\u00bb\u00a0\u00bb][vc_column][vc_text_separator title=\u00a0\u00bbPolitique de confidentialit\u00e9\u00a0\u00bb title_align=\u00a0\u00bbseparator_align_left\u00a0\u00bb align=\u00a0\u00bbalign_left\u00a0\u00bb color=\u00a0\u00bbcustom\u00a0\u00bb css=\u00a0\u00bb\u00a0\u00bb style=\u00a0\u00bbsolid\u00a0\u00bb element=\u00a0\u00bbh2&Prime; accent_color=\u00a0\u00bb#e6e6e6&Prime; css_params=\u00a0\u00bb\u00a0\u00bb][\/vc_column][\/vc_row][vc_row css=\u00a0\u00bb.vc_custom_1748345613333{margin-top: 50px !important;}\u00a0\u00bb conditional_render=\u00a0\u00bb%5B%7B%22value_role%22%3A%22administrator%22%7D%5D\u00a0\u00bb css_params=\u00a0\u00bb\u00a0\u00bb][vc_column][vc_column_text css=\u00a0\u00bb\u00a0\u00bb css_params=\u00a0\u00bb\u00a0\u00bb]<\/p>\n<h3>1. Conditions<\/h3>\n<p>En acc\u00e9dant au site web de Rene Kalkbrenner Lda, vous acceptez de vous conformer aux pr\u00e9sentes conditions d\u2019utilisation, \u00e0 toutes les lois et r\u00e9glementations applicables, et vous acceptez d\u2019\u00eatre responsable du respect de toute l\u00e9gislation locale applicable. Si vous n\u2019acceptez pas l\u2019une de ces conditions, il vous est interdit d\u2019utiliser ou d\u2019acc\u00e9der \u00e0 ce site. Les \u00e9l\u00e9ments contenus sur ce site sont prot\u00e9g\u00e9s par les lois applicables en mati\u00e8re de droit d\u2019auteur et de marques.<\/p>\n<h3>2. Licence d\u2019utilisation<\/h3>\n<p>Une autorisation est accord\u00e9e pour t\u00e9l\u00e9charger temporairement une copie des documents (informations ou logiciels) sur le site de Rene Kalkbrenner Lda uniquement pour une consultation personnelle, non commerciale et temporaire. Il s\u2019agit de l\u2019octroi d\u2019une licence et non d\u2019un transfert de propri\u00e9t\u00e9, et dans le cadre de cette licence, vous ne pouvez pas :<\/p>\n<ol data-spread=\"false\">\n<li>modifier ou copier les documents ;<\/li>\n<li>utiliser les documents \u00e0 des fins commerciales ou pour toute pr\u00e9sentation publique (commerciale ou non) ;<\/li>\n<li>tenter de d\u00e9compiler ou de d\u00e9sosser tout logiciel contenu sur le site de Rene Kalkbrenner Lda ;<\/li>\n<li>supprimer toute mention de droit d\u2019auteur ou autre mention de propri\u00e9t\u00e9 ;<\/li>\n<li>transf\u00e9rer les documents \u00e0 une autre personne ou \u00ab refl\u00e9ter \u00bb les documents sur un autre serveur.<\/li>\n<\/ol>\n<p>Cette licence prendra automatiquement fin si vous enfreignez l\u2019une de ces restrictions et peut \u00eatre r\u00e9sili\u00e9e \u00e0 tout moment par Rene Kalkbrenner Lda. \u00c0 la fin de votre consultation ou \u00e0 la r\u00e9siliation de cette licence, vous devez d\u00e9truire tous les documents t\u00e9l\u00e9charg\u00e9s en votre possession, sous format \u00e9lectronique ou imprim\u00e9.<\/p>\n<h3>3. Clause de non-responsabilit\u00e9<\/h3>\n<p><\/p>\n<ol>\n<li>Les documents pr\u00e9sents sur le site de Rene Kalkbrenner Lda sont fournis \u00ab tels quels \u00bb. Rene Kalkbrenner Lda ne donne aucune garantie, expresse ou implicite, et d\u00e9cline toute autre garantie, y compris, sans limitation, les garanties implicites de qualit\u00e9 marchande, d\u2019ad\u00e9quation \u00e0 un usage particulier ou de non-violation des droits de propri\u00e9t\u00e9 intellectuelle.<\/li>\n<li>De plus, Rene Kalkbrenner Lda ne garantit pas l\u2019exactitude, les r\u00e9sultats probables ou la fiabilit\u00e9 de l\u2019utilisation des documents sur son site ou sur tout site li\u00e9.<\/li>\n<\/ol>\n<p><\/p>\n<h3>4. Limitations<\/h3>\n<p>En aucun cas, Rene Kalkbrenner Lda ou ses fournisseurs ne pourront \u00eatre tenus responsables de tout dommage (y compris, sans limitation, perte de donn\u00e9es, perte de profit ou interruption d\u2019activit\u00e9) r\u00e9sultant de l\u2019utilisation ou de l\u2019impossibilit\u00e9 d\u2019utiliser les documents, m\u00eame si Rene Kalkbrenner Lda a \u00e9t\u00e9 inform\u00e9e de la possibilit\u00e9 de tels dommages. Certaines juridictions ne permettant pas ces limitations, elles peuvent ne pas s\u2019appliquer \u00e0 vous.<\/p>\n<h3>5. Exactitude des documents<\/h3>\n<p>Les documents figurant sur le site de Rene Kalkbrenner Lda peuvent contenir des erreurs techniques, typographiques ou photographiques. Rene Kalkbrenner Lda ne garantit pas que les documents sont exacts, complets ou \u00e0 jour. Des modifications peuvent \u00eatre apport\u00e9es \u00e0 tout moment sans pr\u00e9avis, sans engagement de mise \u00e0 jour.<\/p>\n<h3>6. Liens<\/h3>\n<p>Rene Kalkbrenner Lda n\u2019a pas examin\u00e9 tous les sites li\u00e9s \u00e0 son site et n\u2019est pas responsable de leur contenu. L\u2019inclusion d\u2019un lien n\u2019implique pas une approbation. L\u2019utilisation de ces sites se fait aux risques de l\u2019utilisateur.<\/p>\n<h3>Modifications<\/h3>\n<p>Rene Kalkbrenner Lda peut modifier ces conditions \u00e0 tout moment sans pr\u00e9avis. En utilisant ce site, vous acceptez la version en vigueur de ces conditions.<\/p>\n<h3><strong>Droit applicable<\/strong><\/h3>\n<p>Ces conditions sont r\u00e9gies par le droit de la R\u00e9publique portugaise et vous acceptez la juridiction exclusive des tribunaux comp\u00e9tents.<\/p>\n<p>Derni\u00e8re mise \u00e0 jour : 15\/04\/2025.[\/vc_column_text][\/vc_column][\/vc_row][vc_row css=\u00a0\u00bb.vc_custom_1746464678346{margin-top: 75px !important;}\u00a0\u00bb conditional_render=\u00a0\u00bb%5B%7B%22value_role%22%3A%22administrator%22%7D%5D\u00a0\u00bb css_params=\u00a0\u00bb\u00a0\u00bb][vc_column]<div class=\"porto-block\" data-id=\"759\"><style>.vc_custom_1761560892748{background-image: url(https:\/\/kalkbrenner.ws\/wp-content\/uploads\/2025\/05\/contact-us-2.jpg?id=551) !important;background-position: center !important;background-repeat: no-repeat !important;background-size: cover !important;}.vc_custom_1746456880445{margin-bottom: 0px !important;}.vc_custom_1777038742830{margin-top: 50px !important;}.wpb_custom_833b57a40257c70fae898b52a19ab2ac.porto-u-heading .porto-u-main-heading > *{font-size:3rem;}@media (max-width:575px){.wpb_custom_833b57a40257c70fae898b52a19ab2ac.porto-u-heading .porto-u-main-heading > *{font-size:3rem;}}.wpb_custom_833b57a40257c70fae898b52a19ab2ac.porto-u-heading .porto-u-main-heading > *{line-height:1.1;}.wpb_custom_13675111f8767988fcb5dda4e1c47101.porto-btn{font-family:Inria Serif;font-size:22px;}<\/style>[vc_row content_placement=\"middle\" conditional_render=\"%5B%7B%22value_role%22%3A%22administrator%22%7D%5D\" css_params=\"\"][vc_column]<div class=\"porto-ibanner interactive-banner-wrap-1368ed295cfdbb6b88adaac7efb6cfe6 vc_custom_1761560892748 banner-right\" style=\"min-height:500px;\"><div class=\"porto-ibanner-desc no-padding d-flex\"><div class=\"porto-ibanner-layer vc_custom_1746456880445 wpb_custom_2c5109c031829f9c54153ed0e6239ff6 banner-pos-f6356757d4f73384a3f5bc65723ae83a\" style=\"width:90%;\"><div class=\"porto-u-heading  wpb_custom_833b57a40257c70fae898b52a19ab2ac porto-u-366ff92ac56193420f452da2f89b711d \"><div class=\"porto-u-main-heading\"><h2   style=\"color:#004aad;margin-bottom: 5px;\">Kalkbrenner Properties<\/h2><\/div><div class=\"porto-u-sub-heading\" style=\"color: #004aad;\"><span style=\"font-size: 22px;\">Locations de villas - Immobilier - Gestion immobili\u00e8re<\/span><\/div><style>.porto-u-366ff92ac56193420f452da2f89b711d.porto-u-heading{text-align:left} @media(max-width:991px){ .porto-u-366ff92ac56193420f452da2f89b711d.porto-u-heading{text-align:center}} @media(max-width:767px){ .porto-u-366ff92ac56193420f452da2f89b711d.porto-u-heading{text-align:center}} @media(max-width:575px){ .porto-u-366ff92ac56193420f452da2f89b711d.porto-u-heading{text-align:center}}<\/style><\/div><div class=\"porto-btn-ctn-left botao-banner\"><a class=\"porto-btn  vc_custom_1777038742830 porto-adjust-bottom-margin porto-btn-small porto-btn-fade-bg   wpb_custom_13675111f8767988fcb5dda4e1c47101  porto-btn-left \" title='Contactez-nous' rel='' href = \"https:\/\/kalkbrenner.ws\/fr\/contactez-nous\/\"  data-hover=\"#ffffff\" data-border-color=\"#004aad\" data-bg=\"rgba(255,255,255,0.01)\" data-hover-bg=\"#004aad\" data-border-hover=\"#004aad\" data-shadow-click=\"none\" data-shadow=\"\" style=\"border-width:1px;border-color:#004aad;border-style:solid;background: rgba(255,255,255,0.01);color: #004aad;\"><span class=\"porto-btn-hover\" style=\"background-color:#004aad\"><\/span><span class=\"porto-btn-data porto-btn-text \" >Contactez-nous<\/span><\/a><\/div><style>.banner-pos-f6356757d4f73384a3f5bc65723ae83a {left: 50%;right: unset;top: 50%;bottom: unset;transform: translate(-50%, -50%);}<\/style><\/div><\/div><\/div>[\/vc_column][\/vc_row]<\/div>[\/vc_column][\/vc_row]<\/p>\n<\/div>","protected":false},"excerpt":{"rendered":"<p>[vc_row css=\u00a0\u00bb.vc_custom_1746459060118{margin-top: 100px !important;}\u00a0\u00bb conditional_render=\u00a0\u00bb%5B%7B%22value_role%22%3A%22administrator%22%7D%5D\u00a0\u00bb css_params=\u00a0\u00bb\u00a0\u00bb][vc_column][vc_text_separator title=\u00a0\u00bbPolitique de confidentialit\u00e9\u00a0\u00bb title_align=\u00a0\u00bbseparator_align_left\u00a0\u00bb align=\u00a0\u00bbalign_left\u00a0\u00bb color=\u00a0\u00bbcustom\u00a0\u00bb css=\u00a0\u00bb\u00a0\u00bb style=\u00a0\u00bbsolid\u00a0\u00bb element=\u00a0\u00bbh2&Prime; accent_color=\u00a0\u00bb#e6e6e6&Prime; css_params=\u00a0\u00bb\u00a0\u00bb][\/vc_column][\/vc_row][vc_row css=\u00a0\u00bb.vc_custom_1748345613333{margin-top: 50px !important;}\u00a0\u00bb conditional_render=\u00a0\u00bb%5B%7B%22value_role%22%3A%22administrator%22%7D%5D\u00a0\u00bb css_params=\u00a0\u00bb\u00a0\u00bb][vc_column][vc_column_text css=\u00a0\u00bb\u00a0\u00bb css_params=\u00a0\u00bb\u00a0\u00bb] 1. Conditions En acc\u00e9dant au site web de Rene Kalkbrenner Lda, vous acceptez de vous conformer aux pr\u00e9sentes conditions d\u2019utilisation, \u00e0 toutes les lois et r\u00e9glementations applicables, et vous acceptez d\u2019\u00eatre [&hellip;]<\/p>\n","protected":false},"author":1,"featured_media":0,"parent":0,"menu_order":0,"comment_status":"closed","ping_status":"closed","template":"","meta":{"footnotes":""},"class_list":["post-670","page","type-page","status-publish","hentry"],"_links":{"self":[{"href":"https:\/\/kalkbrenner.ws\/fr\/wp-json\/wp\/v2\/pages\/670","targetHints":{"allow":["GET"]}}],"collection":[{"href":"https:\/\/kalkbrenner.ws\/fr\/wp-json\/wp\/v2\/pages"}],"about":[{"href":"https:\/\/kalkbrenner.ws\/fr\/wp-json\/wp\/v2\/types\/page"}],"author":[{"embeddable":true,"href":"https:\/\/kalkbrenner.ws\/fr\/wp-json\/wp\/v2\/users\/1"}],"replies":[{"embeddable":true,"href":"https:\/\/kalkbrenner.ws\/fr\/wp-json\/wp\/v2\/comments?post=670"}],"version-history":[{"count":2,"href":"https:\/\/kalkbrenner.ws\/fr\/wp-json\/wp\/v2\/pages\/670\/revisions"}],"predecessor-version":[{"id":672,"href":"https:\/\/kalkbrenner.ws\/fr\/wp-json\/wp\/v2\/pages\/670\/revisions\/672"}],"wp:attachment":[{"href":"https:\/\/kalkbrenner.ws\/fr\/wp-json\/wp\/v2\/media?parent=670"}],"curies":[{"name":"wp","href":"https:\/\/api.w.org\/{rel}","templated":true}]}}