{"id":636,"date":"2025-05-27T13:30:52","date_gmt":"2025-05-27T12:30:52","guid":{"rendered":"https:\/\/kalkbrenner.ws\/politique-relative-aux-cookies\/"},"modified":"2026-04-24T10:55:46","modified_gmt":"2026-04-24T09:55:46","slug":"politique-relative-aux-cookies","status":"publish","type":"page","link":"https:\/\/kalkbrenner.ws\/fr\/politique-relative-aux-cookies\/","title":{"rendered":"Politique relative aux cookies"},"content":{"rendered":"<div class=\"wpb-content-wrapper\"><p>[vc_row css=\u00a0\u00bb.vc_custom_1746459060118{margin-top: 100px !important;}\u00a0\u00bb conditional_render=\u00a0\u00bb%5B%7B%22value_role%22%3A%22administrator%22%7D%5D\u00a0\u00bb css_params=\u00a0\u00bb\u00a0\u00bb][vc_column][vc_text_separator title=\u00a0\u00bbPolitique relative aux cookies\u00a0\u00bb title_align=\u00a0\u00bbseparator_align_left\u00a0\u00bb align=\u00a0\u00bbalign_left\u00a0\u00bb color=\u00a0\u00bbcustom\u00a0\u00bb css=\u00a0\u00bb\u00a0\u00bb style=\u00a0\u00bbsolid\u00a0\u00bb element=\u00a0\u00bbh2&Prime; accent_color=\u00a0\u00bb#e6e6e6&Prime; css_params=\u00a0\u00bb\u00a0\u00bb][\/vc_column][\/vc_row][vc_row css=\u00a0\u00bb.vc_custom_1748345613333{margin-top: 50px !important;}\u00a0\u00bb conditional_render=\u00a0\u00bb%5B%7B%22value_role%22%3A%22administrator%22%7D%5D\u00a0\u00bb css_params=\u00a0\u00bb\u00a0\u00bb][vc_column][vc_column_text css=\u00a0\u00bb\u00a0\u00bb css_params=\u00a0\u00bb\u00a0\u00bb]<\/p>\n<h3 data-pm-slice=\"1 1 []\"><strong>Qui est responsable du traitement des donn\u00e9es ?<\/strong><\/h3>\n<p>L\u2019entit\u00e9 responsable du traitement des donn\u00e9es est Rene Kalkbrenner Lda, NIPC 510485723, dont le si\u00e8ge est situ\u00e9 Rua dos Pescadores 131 Loja 8, 8400-512 Praia do Carvoeiro, adresse e-mail <a>info@kalkbrenner.ws <\/a>.<\/p>\n<p>Rene Kalkbrenner Lda a d\u00e9sign\u00e9 un d\u00e9l\u00e9gu\u00e9 \u00e0 la protection des donn\u00e9es, joignable par e-mail \u00e0 <a>data@kalkbrenner.ws<\/a>.<\/p>\n<h3>Que sont les cookies ?<\/h3>\n<p>Lorsque vous visitez un site web, celui-ci peut stocker ou r\u00e9cup\u00e9rer des informations sur votre navigateur, principalement sous forme de cookies. Ces informations peuvent concerner vos pr\u00e9f\u00e9rences ou l\u2019appareil que vous utilisez pour acc\u00e9der au site et sont principalement utilis\u00e9es pour assurer le bon fonctionnement du site. Elles permettent de vous offrir une exp\u00e9rience plus personnalis\u00e9e.<\/p>\n<p>Les cookies sont de petits fichiers de donn\u00e9es ou de texte qu\u2019un site web place sur l\u2019appareil de l\u2019utilisateur (ordinateur, smartphone, tablette, etc.). Chaque cookie contient un code unique permettant de reconna\u00eetre votre navigateur lors de visites ult\u00e9rieures ou d\u2019am\u00e9liorer votre exp\u00e9rience. Un cookie comprend g\u00e9n\u00e9ralement le nom du serveur qui l\u2019a install\u00e9, une date d\u2019expiration et un code num\u00e9rique unique.<\/p>\n<p>Les cookies peuvent avoir diff\u00e9rentes finalit\u00e9s : cookies techniques (param\u00e8tres de langue), cookies de session (temporaires) et cookies de suivi (pour enregistrer le comportement de l\u2019utilisateur et am\u00e9liorer l\u2019exp\u00e9rience). Les cookies peuvent \u00eatre install\u00e9s par le serveur du site visit\u00e9 ou par un partenaire. Le serveur du site ne peut lire que les cookies qu\u2019il a install\u00e9s et n\u2019a pas acc\u00e8s aux autres informations de l\u2019appareil de l\u2019utilisateur.<\/p>\n<h3>Cookies utilis\u00e9s par Rene Kalkbrenner Lda<\/h3>\n<p>Sur ce site, nous utilisons les cat\u00e9gories de cookies suivantes : cookies strictement n\u00e9cessaires, y compris les cookies analytiques anonymis\u00e9s, cookies fonctionnels, cookies publicitaires et cookies de r\u00e9seaux sociaux. Pour plus d\u2019informations, veuillez consulter la section G\u00e9rer les pr\u00e9f\u00e9rences.<\/p>\n<h4>Cookies strictement n\u00e9cessaires<\/h4>\n<p>Ces cookies sont essentiels pour assurer la s\u00e9curit\u00e9 du site, son bon fonctionnement et une navigation fluide. Ils sont g\u00e9n\u00e9ralement d\u00e9finis en r\u00e9ponse aux actions de l\u2019utilisateur, comme la d\u00e9finition des pr\u00e9f\u00e9rences de confidentialit\u00e9, la connexion ou le remplissage de formulaires. Vous pouvez configurer votre navigateur pour bloquer ces cookies, mais certaines parties du site ne fonctionneront plus.<\/p>\n<p>Les cookies strictement n\u00e9cessaires peuvent \u00eatre install\u00e9s sans consentement, car ils sont indispensables au fonctionnement normal du site. Leur d\u00e9sactivation peut emp\u00eacher certaines fonctionnalit\u00e9s de fonctionner.<\/p>\n<h4>Cookies analytiques anonymis\u00e9s<\/h4>\n<p>Ces cookies permettent de compter les visiteurs et d\u2019identifier leur provenance afin d\u2019analyser et d\u2019am\u00e9liorer les performances du site. Ils aident \u00e0 d\u00e9terminer les pages les plus et les moins consult\u00e9es ainsi que le parcours des visiteurs. Toutes les informations collect\u00e9es sont agr\u00e9g\u00e9es et donc anonymis\u00e9es.<\/p>\n<p>L\u2019objectif de ces cookies est d\u2019assurer l\u2019am\u00e9lioration et l\u2019adaptation dynamique du site. Les informations statistiques sur les visiteurs permettent d\u2019ajuster les fonctionnalit\u00e9s et le contenu selon leur comportement.<\/p>\n<h4>Cookies fonctionnels<\/h4>\n<p>Ces cookies personnalisent le contenu du site en fonction de vos pr\u00e9f\u00e9rences, int\u00e9r\u00eats et visites pr\u00e9c\u00e9dentes. Ils peuvent \u00eatre d\u00e9finis par Rene Kalkbrenner Lda ou par des fournisseurs externes. Si vous ne les autorisez pas, certaines fonctionnalit\u00e9s peuvent ne pas fonctionner correctement.<\/p>\n<h4>Cookies publicitaires<\/h4>\n<p>Ces cookies enregistrent votre activit\u00e9 en ligne et peuvent \u00eatre utilis\u00e9s par nos partenaires publicitaires pour \u00e9tablir un profil de vos int\u00e9r\u00eats et afficher des publicit\u00e9s pertinentes sur d\u2019autres sites ou limiter la fr\u00e9quence d\u2019affichage. Ils ne stockent pas directement de donn\u00e9es personnelles mais reposent sur l\u2019identification unique de votre navigateur et appareil. Leur dur\u00e9e maximale est de 24 mois.<\/p>\n<h4>Cookies de r\u00e9seaux sociaux<\/h4>\n<p>Pour cr\u00e9er un compte via un profil de r\u00e9seau social (Facebook ou Twitter), acc\u00e9der \u00e0 du contenu ou partager notre site, vous devez accepter explicitement les cookies de r\u00e9seaux sociaux.<\/p>\n<h4>Gestion des cookies<\/h4>\n<p>Lors de votre visite sur le site de Rene Kalkbrenner Lda, vous serez invit\u00e9 \u00e0 accepter ou refuser les cookies. Lors de votre premi\u00e8re visite et p\u00e9riodiquement, une banni\u00e8re vous permettra de :<\/p>\n<ul data-spread=\"false\">\n<li>Accepter tous les cookies et continuer la navigation (option Accepter et continuer) ;<\/li>\n<li>G\u00e9rer les pr\u00e9f\u00e9rences en s\u00e9lectionnant les types de cookies (option G\u00e9rer les pr\u00e9f\u00e9rences puis Confirmer mes choix) ;<\/li>\n<li>G\u00e9rer les pr\u00e9f\u00e9rences en acceptant uniquement les cookies n\u00e9cessaires (option G\u00e9rer les pr\u00e9f\u00e9rences puis Confirmer mes choix).<\/li>\n<\/ul>\n<p>Vous pouvez modifier vos pr\u00e9f\u00e9rences \u00e0 tout moment via G\u00e9rer les pr\u00e9f\u00e9rences ou les param\u00e8tres de votre navigateur. La d\u00e9sactivation peut affecter le fonctionnement du site.<\/p>\n<p>Pour toute clarification suppl\u00e9mentaire, veuillez nous contacter directement.<\/p>\n<p>Derni\u00e8re mise \u00e0 jour : 12\/06\/2025.[\/vc_column_text][\/vc_column][\/vc_row][vc_row css=\u00a0\u00bb.vc_custom_1746464678346{margin-top: 75px !important;}\u00a0\u00bb conditional_render=\u00a0\u00bb%5B%7B%22value_role%22%3A%22administrator%22%7D%5D\u00a0\u00bb css_params=\u00a0\u00bb\u00a0\u00bb][vc_column]<div class=\"porto-block\" data-id=\"759\"><style>.vc_custom_1761560892748{background-image: url(https:\/\/kalkbrenner.ws\/wp-content\/uploads\/2025\/05\/contact-us-2.jpg?id=551) !important;background-position: center !important;background-repeat: no-repeat !important;background-size: cover !important;}.vc_custom_1746456880445{margin-bottom: 0px !important;}.vc_custom_1777038742830{margin-top: 50px !important;}.wpb_custom_833b57a40257c70fae898b52a19ab2ac.porto-u-heading .porto-u-main-heading > *{font-size:3rem;}@media (max-width:575px){.wpb_custom_833b57a40257c70fae898b52a19ab2ac.porto-u-heading .porto-u-main-heading > *{font-size:3rem;}}.wpb_custom_833b57a40257c70fae898b52a19ab2ac.porto-u-heading .porto-u-main-heading > *{line-height:1.1;}.wpb_custom_13675111f8767988fcb5dda4e1c47101.porto-btn{font-family:Inria Serif;font-size:22px;}<\/style>[vc_row content_placement=\"middle\" conditional_render=\"%5B%7B%22value_role%22%3A%22administrator%22%7D%5D\" css_params=\"\"][vc_column]<div class=\"porto-ibanner interactive-banner-wrap-1368ed295cfdbb6b88adaac7efb6cfe6 vc_custom_1761560892748 banner-right\" style=\"min-height:500px;\"><div class=\"porto-ibanner-desc no-padding d-flex\"><div class=\"porto-ibanner-layer vc_custom_1746456880445 wpb_custom_2c5109c031829f9c54153ed0e6239ff6 banner-pos-f6356757d4f73384a3f5bc65723ae83a\" style=\"width:90%;\"><div class=\"porto-u-heading  wpb_custom_833b57a40257c70fae898b52a19ab2ac porto-u-366ff92ac56193420f452da2f89b711d \"><div class=\"porto-u-main-heading\"><h2   style=\"color:#004aad;margin-bottom: 5px;\">Kalkbrenner Properties<\/h2><\/div><div class=\"porto-u-sub-heading\" style=\"color: #004aad;\"><span style=\"font-size: 22px;\">Locations de villas - Immobilier - Gestion immobili\u00e8re<\/span><\/div><style>.porto-u-366ff92ac56193420f452da2f89b711d.porto-u-heading{text-align:left} @media(max-width:991px){ .porto-u-366ff92ac56193420f452da2f89b711d.porto-u-heading{text-align:center}} @media(max-width:767px){ .porto-u-366ff92ac56193420f452da2f89b711d.porto-u-heading{text-align:center}} @media(max-width:575px){ .porto-u-366ff92ac56193420f452da2f89b711d.porto-u-heading{text-align:center}}<\/style><\/div><div class=\"porto-btn-ctn-left botao-banner\"><a class=\"porto-btn  vc_custom_1777038742830 porto-adjust-bottom-margin porto-btn-small porto-btn-fade-bg   wpb_custom_13675111f8767988fcb5dda4e1c47101  porto-btn-left \" title='Contactez-nous' rel='' href = \"https:\/\/kalkbrenner.ws\/fr\/contactez-nous\/\"  data-hover=\"#ffffff\" data-border-color=\"#004aad\" data-bg=\"rgba(255,255,255,0.01)\" data-hover-bg=\"#004aad\" data-border-hover=\"#004aad\" data-shadow-click=\"none\" data-shadow=\"\" style=\"border-width:1px;border-color:#004aad;border-style:solid;background: rgba(255,255,255,0.01);color: #004aad;\"><span class=\"porto-btn-hover\" style=\"background-color:#004aad\"><\/span><span class=\"porto-btn-data porto-btn-text \" >Contactez-nous<\/span><\/a><\/div><style>.banner-pos-f6356757d4f73384a3f5bc65723ae83a {left: 50%;right: unset;top: 50%;bottom: unset;transform: translate(-50%, -50%);}<\/style><\/div><\/div><\/div>[\/vc_column][\/vc_row]<\/div>[\/vc_column][\/vc_row]<\/p>\n<\/div>","protected":false},"excerpt":{"rendered":"<p>[vc_row css=\u00a0\u00bb.vc_custom_1746459060118{margin-top: 100px !important;}\u00a0\u00bb conditional_render=\u00a0\u00bb%5B%7B%22value_role%22%3A%22administrator%22%7D%5D\u00a0\u00bb css_params=\u00a0\u00bb\u00a0\u00bb][vc_column][vc_text_separator title=\u00a0\u00bbPolitique relative aux cookies\u00a0\u00bb title_align=\u00a0\u00bbseparator_align_left\u00a0\u00bb align=\u00a0\u00bbalign_left\u00a0\u00bb color=\u00a0\u00bbcustom\u00a0\u00bb css=\u00a0\u00bb\u00a0\u00bb style=\u00a0\u00bbsolid\u00a0\u00bb element=\u00a0\u00bbh2&Prime; accent_color=\u00a0\u00bb#e6e6e6&Prime; css_params=\u00a0\u00bb\u00a0\u00bb][\/vc_column][\/vc_row][vc_row css=\u00a0\u00bb.vc_custom_1748345613333{margin-top: 50px !important;}\u00a0\u00bb conditional_render=\u00a0\u00bb%5B%7B%22value_role%22%3A%22administrator%22%7D%5D\u00a0\u00bb css_params=\u00a0\u00bb\u00a0\u00bb][vc_column][vc_column_text css=\u00a0\u00bb\u00a0\u00bb css_params=\u00a0\u00bb\u00a0\u00bb] Qui est responsable du traitement des donn\u00e9es ? L\u2019entit\u00e9 responsable du traitement des donn\u00e9es est Rene Kalkbrenner Lda, NIPC 510485723, dont le si\u00e8ge est situ\u00e9 Rua dos Pescadores 131 Loja [&hellip;]<\/p>\n","protected":false},"author":1,"featured_media":0,"parent":0,"menu_order":0,"comment_status":"closed","ping_status":"closed","template":"","meta":{"footnotes":""},"class_list":["post-636","page","type-page","status-publish","hentry"],"_links":{"self":[{"href":"https:\/\/kalkbrenner.ws\/fr\/wp-json\/wp\/v2\/pages\/636","targetHints":{"allow":["GET"]}}],"collection":[{"href":"https:\/\/kalkbrenner.ws\/fr\/wp-json\/wp\/v2\/pages"}],"about":[{"href":"https:\/\/kalkbrenner.ws\/fr\/wp-json\/wp\/v2\/types\/page"}],"author":[{"embeddable":true,"href":"https:\/\/kalkbrenner.ws\/fr\/wp-json\/wp\/v2\/users\/1"}],"replies":[{"embeddable":true,"href":"https:\/\/kalkbrenner.ws\/fr\/wp-json\/wp\/v2\/comments?post=636"}],"version-history":[{"count":2,"href":"https:\/\/kalkbrenner.ws\/fr\/wp-json\/wp\/v2\/pages\/636\/revisions"}],"predecessor-version":[{"id":638,"href":"https:\/\/kalkbrenner.ws\/fr\/wp-json\/wp\/v2\/pages\/636\/revisions\/638"}],"wp:attachment":[{"href":"https:\/\/kalkbrenner.ws\/fr\/wp-json\/wp\/v2\/media?parent=636"}],"curies":[{"name":"wp","href":"https:\/\/api.w.org\/{rel}","templated":true}]}}