{"id":681,"date":"2025-05-27T12:25:37","date_gmt":"2025-05-27T11:25:37","guid":{"rendered":"https:\/\/kalkbrenner.ws\/conditions-generales\/"},"modified":"2026-04-24T16:09:29","modified_gmt":"2026-04-24T15:09:29","slug":"allgemeine-geschaftsbedingungen","status":"publish","type":"page","link":"https:\/\/kalkbrenner.ws\/de\/allgemeine-geschaftsbedingungen\/","title":{"rendered":"Allgemeine Gesch\u00e4ftsbedingungen"},"content":{"rendered":"<div class=\"wpb-content-wrapper\"><p>[vc_row css=&#8220;.vc_custom_1746459060118{margin-top: 100px !important;}&#8220; conditional_render=&#8220;%5B%7B%22value_role%22%3A%22administrator%22%7D%5D&#8220; css_params=&#8220;&#8220;][vc_column][vc_text_separator title=&#8220;Conditions G\u00e9n\u00e9rales&#8220; title_align=&#8220;separator_align_left&#8220; align=&#8220;align_left&#8220; color=&#8220;custom&#8220; css=&#8220;&#8220; style=&#8220;solid&#8220; element=&#8220;h2&#8243; accent_color=&#8220;#e6e6e6&#8243; css_params=&#8220;&#8220;][\/vc_column][\/vc_row][vc_row css=&#8220;.vc_custom_1748345613333{margin-top: 50px !important;}&#8220; conditional_render=&#8220;%5B%7B%22value_role%22%3A%22administrator%22%7D%5D&#8220; css_params=&#8220;&#8220;][vc_column][vc_column_text css=&#8220;&#8220; css_params=&#8220;&#8220;]<\/p>\n<p><\/p>\n<h3>1. Bedingungen<\/h3>\n<p><\/p>\n<p>Durch den Zugriff auf die Website von Rene Kalkbrenner Lda erkl\u00e4ren Sie sich mit diesen Nutzungsbedingungen, allen anwendbaren Gesetzen und Vorschriften einverstanden und erkennen an, dass Sie f\u00fcr die Einhaltung aller geltenden lokalen Gesetze verantwortlich sind. Wenn Sie mit einer dieser Bedingungen nicht einverstanden sind, ist Ihnen die Nutzung oder der Zugriff auf diese Website untersagt. Die auf dieser Website enthaltenen Materialien sind durch geltende Urheber- und Markenrechte gesch\u00fctzt.<\/p>\n<h3>2. Nutzungslizenz<\/h3>\n<p><\/p>\n<p>Es wird die Erlaubnis erteilt, vor\u00fcbergehend eine Kopie der Materialien (Informationen oder Software) auf der Website von Rene Kalkbrenner Lda ausschlie\u00dflich f\u00fcr den pers\u00f6nlichen, nicht kommerziellen, vor\u00fcbergehenden Gebrauch herunterzuladen. Dies stellt die Gew\u00e4hrung einer Lizenz dar, nicht die \u00dcbertragung von Eigentumsrechten, und im Rahmen dieser Lizenz d\u00fcrfen Sie nicht:<\/p>\n<p><\/p>\n<ol data-spread=\"false\">\n<li>die Materialien ver\u00e4ndern oder kopieren;<\/li>\n<li>die Materialien f\u00fcr kommerzielle Zwecke oder f\u00fcr \u00f6ffentliche Darstellungen (kommerziell oder nicht kommerziell) verwenden;<\/li>\n<li>versuchen, Software auf der Website von Rene Kalkbrenner Lda zu dekompilieren oder zur\u00fcckzuentwickeln;<\/li>\n<li>Urheberrechts- oder andere Eigentumshinweise aus den Materialien entfernen; oder<\/li>\n<li>die Materialien an eine andere Person \u00fcbertragen oder die Materialien auf einem anderen Server \u201espiegeln\u201c.<\/li>\n<\/ol>\n<p>Diese Lizenz endet automatisch, wenn Sie gegen eine dieser Einschr\u00e4nkungen versto\u00dfen, und kann jederzeit von Rene Kalkbrenner Lda beendet werden. Nach Beendigung Ihrer Nutzung dieser Materialien oder nach Beendigung dieser Lizenz m\u00fcssen Sie alle heruntergeladenen Materialien in Ihrem Besitz, sei es in elektronischer oder gedruckter Form, vernichten.<\/p>\n<h3>3. Haftungsausschluss<\/h3>\n<p><\/p>\n<ol>\n<li>Die Materialien auf der Website von Rene Kalkbrenner Lda werden \u201ewie besehen\u201c bereitgestellt. Rene Kalkbrenner Lda \u00fcbernimmt keine ausdr\u00fccklichen oder stillschweigenden Garantien und lehnt hiermit alle weiteren Garantien ab, einschlie\u00dflich, aber nicht beschr\u00e4nkt auf, stillschweigende Garantien der Marktg\u00e4ngigkeit, Eignung f\u00fcr einen bestimmten Zweck oder Nichtverletzung von geistigem Eigentum oder anderen Rechten.<\/li>\n<li>Dar\u00fcber hinaus \u00fcbernimmt Rene Kalkbrenner Lda keine Gew\u00e4hr f\u00fcr die Genauigkeit, die zu erwartenden Ergebnisse oder die Zuverl\u00e4ssigkeit der Nutzung der Materialien auf seiner Website oder in Bezug auf solche Materialien oder auf verlinkten Websites.<\/li>\n<\/ol>\n<h3>4. Haftungsbeschr\u00e4nkungen<\/h3>\n<p><\/p>\n<p>In keinem Fall haften Rene Kalkbrenner Lda oder seine Lieferanten f\u00fcr Sch\u00e4den (einschlie\u00dflich, aber nicht beschr\u00e4nkt auf Datenverlust oder entgangenen Gewinn oder Betriebsunterbrechungen), die aus der Nutzung oder der Unm\u00f6glichkeit der Nutzung der Materialien entstehen, selbst wenn Rene Kalkbrenner Lda oder ein autorisierter Vertreter m\u00fcndlich oder schriftlich \u00fcber die M\u00f6glichkeit solcher Sch\u00e4den informiert wurde. Da einige Rechtsordnungen keine Einschr\u00e4nkungen f\u00fcr stillschweigende Garantien oder Haftungsbeschr\u00e4nkungen f\u00fcr Folgesch\u00e4den oder Nebensch\u00e4den zulassen, gelten diese Einschr\u00e4nkungen m\u00f6glicherweise nicht f\u00fcr Sie.<\/p>\n<h3>5. Genauigkeit der Materialien<\/h3>\n<p><\/p>\n<p>Die auf der Website von Rene Kalkbrenner Lda dargestellten Materialien k\u00f6nnen technische, typografische oder fotografische Fehler enthalten. Rene Kalkbrenner Lda \u00fcbernimmt keine Gew\u00e4hr daf\u00fcr, dass die Materialien auf seiner Website korrekt, vollst\u00e4ndig oder aktuell sind. Rene Kalkbrenner Lda kann jederzeit ohne vorherige Ank\u00fcndigung \u00c4nderungen an den auf seiner Website enthaltenen Materialien vornehmen. Rene Kalkbrenner Lda verpflichtet sich jedoch nicht, die Materialien zu aktualisieren.<\/p>\n<h3>6. Links<\/h3>\n<p><\/p>\n<p>Rene Kalkbrenner Lda hat nicht alle mit seiner Website verlinkten Seiten \u00fcberpr\u00fcft und ist nicht verantwortlich f\u00fcr deren Inhalte. Die Aufnahme eines Links bedeutet nicht, dass Rene Kalkbrenner Lda die Website unterst\u00fctzt. Die Nutzung verlinkter Websites erfolgt auf eigenes Risiko.<\/p>\n<h3>\u00c4nderungen<\/h3>\n<p><\/p>\n<p>Rene Kalkbrenner Lda kann diese Nutzungsbedingungen f\u00fcr seine Website jederzeit ohne vorherige Ank\u00fcndigung \u00e4ndern. Durch die Nutzung dieser Website erkl\u00e4ren Sie sich mit der jeweils aktuellen Version dieser Nutzungsbedingungen einverstanden.<\/p>\n<h3><strong>Anwendbares Recht<\/strong><\/h3>\n<p><\/p>\n<p>Diese Bedingungen unterliegen den Gesetzen der Portugiesischen Republik und werden in \u00dcbereinstimmung mit diesen ausgelegt, und Sie unterwerfen sich unwiderruflich der ausschlie\u00dflichen Zust\u00e4ndigkeit der Gerichte dieses Staates oder Ortes.<\/p>\n<p>Letzte Aktualisierung: 12\/06\/2025.<\/p>\n<p>[\/vc_column_text][\/vc_column][\/vc_row][vc_row css=&#8220;.vc_custom_1746464678346{margin-top: 75px !important;}&#8220; conditional_render=&#8220;%5B%7B%22value_role%22%3A%22administrator%22%7D%5D&#8220; css_params=&#8220;&#8220;][vc_column]<div class=\"porto-block\" data-id=\"763\"><style>.vc_custom_1761560892748{background-image: url(https:\/\/kalkbrenner.ws\/wp-content\/uploads\/2025\/05\/contact-us-2.jpg?id=551) !important;background-position: center !important;background-repeat: no-repeat !important;background-size: cover !important;}.vc_custom_1746456880445{margin-bottom: 0px !important;}.vc_custom_1777038792384{margin-top: 50px !important;}.wpb_custom_833b57a40257c70fae898b52a19ab2ac.porto-u-heading .porto-u-main-heading > *{font-size:3rem;}@media (max-width:575px){.wpb_custom_833b57a40257c70fae898b52a19ab2ac.porto-u-heading .porto-u-main-heading > *{font-size:3rem;}}.wpb_custom_833b57a40257c70fae898b52a19ab2ac.porto-u-heading .porto-u-main-heading > *{line-height:1.1;}.wpb_custom_13675111f8767988fcb5dda4e1c47101.porto-btn{font-family:Inria Serif;font-size:22px;}<\/style>[vc_row content_placement=\"middle\" conditional_render=\"%5B%7B%22value_role%22%3A%22administrator%22%7D%5D\" css_params=\"\"][vc_column]<div class=\"porto-ibanner interactive-banner-wrap-1368ed295cfdbb6b88adaac7efb6cfe6 vc_custom_1761560892748 banner-right\" style=\"min-height:500px;\"><div class=\"porto-ibanner-desc no-padding d-flex\"><div class=\"porto-ibanner-layer vc_custom_1746456880445 wpb_custom_2c5109c031829f9c54153ed0e6239ff6 banner-pos-f6356757d4f73384a3f5bc65723ae83a\" style=\"width:90%;\"><div class=\"porto-u-heading  wpb_custom_833b57a40257c70fae898b52a19ab2ac porto-u-366ff92ac56193420f452da2f89b711d \"><div class=\"porto-u-main-heading\"><h2   style=\"color:#004aad;margin-bottom: 5px;\">Kalkbrenner Properties<\/h2><\/div><div class=\"porto-u-sub-heading\" style=\"color: #004aad;\"><span style=\"font-size: 22px;\">Vermietung von Villen \u00b7 Immobilien \u00b7 Immobilienverwaltung<\/span><\/div><style>.porto-u-366ff92ac56193420f452da2f89b711d.porto-u-heading{text-align:left} @media(max-width:991px){ .porto-u-366ff92ac56193420f452da2f89b711d.porto-u-heading{text-align:center}} @media(max-width:767px){ .porto-u-366ff92ac56193420f452da2f89b711d.porto-u-heading{text-align:center}} @media(max-width:575px){ .porto-u-366ff92ac56193420f452da2f89b711d.porto-u-heading{text-align:center}}<\/style><\/div><div class=\"porto-btn-ctn-left botao-banner\"><a class=\"porto-btn  vc_custom_1777038792384 porto-adjust-bottom-margin porto-btn-small porto-btn-fade-bg   wpb_custom_13675111f8767988fcb5dda4e1c47101  porto-btn-left \" title='Kontaktieren Sie uns' rel='' href = \"https:\/\/kalkbrenner.ws\/de\/kontaktieren-sie-uns\/\"  data-hover=\"#ffffff\" data-border-color=\"#004aad\" data-bg=\"rgba(255,255,255,0.01)\" data-hover-bg=\"#004aad\" data-border-hover=\"#004aad\" data-shadow-click=\"none\" data-shadow=\"\" style=\"border-width:1px;border-color:#004aad;border-style:solid;background: rgba(255,255,255,0.01);color: #004aad;\"><span class=\"porto-btn-hover\" style=\"background-color:#004aad\"><\/span><span class=\"porto-btn-data porto-btn-text \" >Kontaktieren Sie uns<\/span><\/a><\/div><style>.banner-pos-f6356757d4f73384a3f5bc65723ae83a {left: 50%;right: unset;top: 50%;bottom: unset;transform: translate(-50%, -50%);}<\/style><\/div><\/div><\/div>[\/vc_column][\/vc_row]<\/div>[\/vc_column][\/vc_row]<\/p>\n<\/div>","protected":false},"excerpt":{"rendered":"<p>[vc_row css=&#8220;.vc_custom_1746459060118{margin-top: 100px !important;}&#8220; conditional_render=&#8220;%5B%7B%22value_role%22%3A%22administrator%22%7D%5D&#8220; css_params=&#8220;&#8220;][vc_column][vc_text_separator title=&#8220;Conditions G\u00e9n\u00e9rales&#8220; title_align=&#8220;separator_align_left&#8220; align=&#8220;align_left&#8220; color=&#8220;custom&#8220; css=&#8220;&#8220; style=&#8220;solid&#8220; element=&#8220;h2&#8243; accent_color=&#8220;#e6e6e6&#8243; css_params=&#8220;&#8220;][\/vc_column][\/vc_row][vc_row css=&#8220;.vc_custom_1748345613333{margin-top: 50px !important;}&#8220; conditional_render=&#8220;%5B%7B%22value_role%22%3A%22administrator%22%7D%5D&#8220; css_params=&#8220;&#8220;][vc_column][vc_column_text css=&#8220;&#8220; css_params=&#8220;&#8220;] 1. Bedingungen Durch den Zugriff auf die Website von Rene Kalkbrenner Lda erkl\u00e4ren Sie sich mit diesen Nutzungsbedingungen, allen anwendbaren Gesetzen und Vorschriften einverstanden und erkennen an, dass Sie f\u00fcr die Einhaltung [&hellip;]<\/p>\n","protected":false},"author":1,"featured_media":0,"parent":0,"menu_order":0,"comment_status":"closed","ping_status":"closed","template":"","meta":{"footnotes":""},"class_list":["post-681","page","type-page","status-publish","hentry"],"_links":{"self":[{"href":"https:\/\/kalkbrenner.ws\/de\/wp-json\/wp\/v2\/pages\/681","targetHints":{"allow":["GET"]}}],"collection":[{"href":"https:\/\/kalkbrenner.ws\/de\/wp-json\/wp\/v2\/pages"}],"about":[{"href":"https:\/\/kalkbrenner.ws\/de\/wp-json\/wp\/v2\/types\/page"}],"author":[{"embeddable":true,"href":"https:\/\/kalkbrenner.ws\/de\/wp-json\/wp\/v2\/users\/1"}],"replies":[{"embeddable":true,"href":"https:\/\/kalkbrenner.ws\/de\/wp-json\/wp\/v2\/comments?post=681"}],"version-history":[{"count":3,"href":"https:\/\/kalkbrenner.ws\/de\/wp-json\/wp\/v2\/pages\/681\/revisions"}],"predecessor-version":[{"id":774,"href":"https:\/\/kalkbrenner.ws\/de\/wp-json\/wp\/v2\/pages\/681\/revisions\/774"}],"wp:attachment":[{"href":"https:\/\/kalkbrenner.ws\/de\/wp-json\/wp\/v2\/media?parent=681"}],"curies":[{"name":"wp","href":"https:\/\/api.w.org\/{rel}","templated":true}]}}