{"id":673,"date":"2025-05-27T13:22:08","date_gmt":"2025-05-27T12:22:08","guid":{"rendered":"https:\/\/kalkbrenner.ws\/datenschutzrichtlinie\/"},"modified":"2026-04-24T11:16:28","modified_gmt":"2026-04-24T10:16:28","slug":"datenschutzrichtlinie","status":"publish","type":"page","link":"https:\/\/kalkbrenner.ws\/de\/datenschutzrichtlinie\/","title":{"rendered":"Datenschutzrichtlinie"},"content":{"rendered":"<div class=\"wpb-content-wrapper\"><p>[vc_row css=&#8220;.vc_custom_1746459060118{margin-top: 100px !important;}&#8220; conditional_render=&#8220;%5B%7B%22value_role%22%3A%22administrator%22%7D%5D&#8220; css_params=&#8220;&#8220;][vc_column][vc_text_separator title=&#8220;Datenschutzrichtlinie&#8220; title_align=&#8220;separator_align_left&#8220; align=&#8220;align_left&#8220; color=&#8220;custom&#8220; css=&#8220;&#8220; style=&#8220;solid&#8220; element=&#8220;h2&#8243; accent_color=&#8220;#e6e6e6&#8243; css_params=&#8220;&#8220;][\/vc_column][\/vc_row][vc_row css=&#8220;.vc_custom_1748345613333{margin-top: 50px !important;}&#8220; conditional_render=&#8220;%5B%7B%22value_role%22%3A%22administrator%22%7D%5D&#8220; css_params=&#8220;&#8220;][vc_column][vc_column_text css=&#8220;&#8220; css_params=&#8220;&#8220;]<\/p>\n<h3>1. Bedingungen<\/h3>\n<p>Durch den Zugriff auf die Website von Rene Kalkbrenner Lda erkl\u00e4ren Sie sich mit diesen Nutzungsbedingungen, allen geltenden Gesetzen und Vorschriften einverstanden und verpflichten sich, alle anwendbaren lokalen Gesetze einzuhalten. Wenn Sie mit diesen Bedingungen nicht einverstanden sind, ist Ihnen die Nutzung dieser Website untersagt. Die Inhalte dieser Website sind durch geltende Urheber- und Markenrechte gesch\u00fctzt.<\/p>\n<h3>2. Nutzungslizenz<\/h3>\n<p>Es wird die Erlaubnis erteilt, vor\u00fcbergehend eine Kopie der Materialien (Informationen oder Software) von der Website von Rene Kalkbrenner Lda ausschlie\u00dflich f\u00fcr den pers\u00f6nlichen, nicht kommerziellen Gebrauch herunterzuladen. Dies stellt die Gew\u00e4hrung einer Lizenz dar, nicht eine Eigentums\u00fcbertragung. Im Rahmen dieser Lizenz ist es nicht gestattet:<\/p>\n<ol data-spread=\"false\">\n<li>die Materialien zu ver\u00e4ndern oder zu kopieren;<\/li>\n<li>die Materialien f\u00fcr kommerzielle Zwecke oder \u00f6ffentliche Darstellungen zu verwenden;<\/li>\n<li>zu versuchen, Software der Website zu dekompilieren oder zur\u00fcckzuentwickeln;<\/li>\n<li>Urheberrechtsvermerke oder andere Eigentumshinweise zu entfernen;<\/li>\n<li>die Materialien an Dritte zu \u00fcbertragen oder auf einem anderen Server zu spiegeln.<\/li>\n<\/ol>\n<p>Diese Lizenz erlischt automatisch bei Versto\u00df gegen eine dieser Bedingungen und kann jederzeit von Rene Kalkbrenner Lda beendet werden. Nach Beendigung m\u00fcssen alle heruntergeladenen Materialien gel\u00f6scht werden.<\/p>\n<h3>3. Haftungsausschluss<\/h3>\n<p><\/p>\n<ol>\n<li>Die Materialien auf der Website von Rene Kalkbrenner Lda werden \u201ewie sie sind\u201c bereitgestellt. Es werden keine Garantien \u00fcbernommen, weder ausdr\u00fccklich noch stillschweigend, einschlie\u00dflich Garantien der Marktg\u00e4ngigkeit oder Eignung f\u00fcr einen bestimmten Zweck.<\/li>\n<li>Dar\u00fcber hinaus \u00fcbernimmt Rene Kalkbrenner Lda keine Gew\u00e4hr f\u00fcr die Genauigkeit, Ergebnisse oder Zuverl\u00e4ssigkeit der Nutzung der Inhalte.<\/li>\n<\/ol>\n<h3>4. Haftungsbeschr\u00e4nkungen<\/h3>\n<p>In keinem Fall haftet Rene Kalkbrenner Lda f\u00fcr Sch\u00e4den (einschlie\u00dflich Datenverlust, Gewinnverlust oder Betriebsunterbrechung), die aus der Nutzung oder Nichtnutzung der Website entstehen, auch wenn auf m\u00f6gliche Sch\u00e4den hingewiesen wurde. Einige Rechtsordnungen erlauben solche Einschr\u00e4nkungen nicht.<\/p>\n<h3>5. Genauigkeit der Inhalte<\/h3>\n<p>Die Inhalte auf der Website k\u00f6nnen technische, typografische oder fotografische Fehler enthalten. Rene Kalkbrenner Lda \u00fcbernimmt keine Garantie f\u00fcr deren Genauigkeit oder Vollst\u00e4ndigkeit und kann \u00c4nderungen jederzeit ohne Vorank\u00fcndigung vornehmen.<\/p>\n<h3>6. Links<\/h3>\n<p>Rene Kalkbrenner Lda hat nicht alle verlinkten Websites \u00fcberpr\u00fcft und ist nicht f\u00fcr deren Inhalte verantwortlich. Die Nutzung erfolgt auf eigenes Risiko.<\/p>\n<h3>\u00c4nderungen<\/h3>\n<p>Rene Kalkbrenner Lda kann diese Bedingungen jederzeit ohne Vorank\u00fcndigung \u00e4ndern. Durch die Nutzung der Website stimmen Sie der jeweils aktuellen Version zu.<\/p>\n<h3><strong>Anwendbares Recht<\/strong><\/h3>\n<p>Diese Bedingungen unterliegen dem Recht der Portugiesischen Republik und der ausschlie\u00dflichen Zust\u00e4ndigkeit der Gerichte dieses Landes.<\/p>\n<p>Letzte Aktualisierung: 15.04.2025.[\/vc_column_text][\/vc_column][\/vc_row][vc_row css=&#8220;.vc_custom_1746464678346{margin-top: 75px !important;}&#8220; conditional_render=&#8220;%5B%7B%22value_role%22%3A%22administrator%22%7D%5D&#8220; css_params=&#8220;&#8220;][vc_column]<div class=\"porto-block\" data-id=\"763\"><style>.vc_custom_1761560892748{background-image: url(https:\/\/kalkbrenner.ws\/wp-content\/uploads\/2025\/05\/contact-us-2.jpg?id=551) !important;background-position: center !important;background-repeat: no-repeat !important;background-size: cover !important;}.vc_custom_1746456880445{margin-bottom: 0px !important;}.vc_custom_1777038792384{margin-top: 50px !important;}.wpb_custom_833b57a40257c70fae898b52a19ab2ac.porto-u-heading .porto-u-main-heading > *{font-size:3rem;}@media (max-width:575px){.wpb_custom_833b57a40257c70fae898b52a19ab2ac.porto-u-heading .porto-u-main-heading > *{font-size:3rem;}}.wpb_custom_833b57a40257c70fae898b52a19ab2ac.porto-u-heading .porto-u-main-heading > *{line-height:1.1;}.wpb_custom_13675111f8767988fcb5dda4e1c47101.porto-btn{font-family:Inria Serif;font-size:22px;}<\/style>[vc_row content_placement=\"middle\" conditional_render=\"%5B%7B%22value_role%22%3A%22administrator%22%7D%5D\" css_params=\"\"][vc_column]<div class=\"porto-ibanner interactive-banner-wrap-1368ed295cfdbb6b88adaac7efb6cfe6 vc_custom_1761560892748 banner-right\" style=\"min-height:500px;\"><div class=\"porto-ibanner-desc no-padding d-flex\"><div class=\"porto-ibanner-layer vc_custom_1746456880445 wpb_custom_2c5109c031829f9c54153ed0e6239ff6 banner-pos-f6356757d4f73384a3f5bc65723ae83a\" style=\"width:90%;\"><div class=\"porto-u-heading  wpb_custom_833b57a40257c70fae898b52a19ab2ac porto-u-366ff92ac56193420f452da2f89b711d \"><div class=\"porto-u-main-heading\"><h2   style=\"color:#004aad;margin-bottom: 5px;\">Kalkbrenner Properties<\/h2><\/div><div class=\"porto-u-sub-heading\" style=\"color: #004aad;\"><span style=\"font-size: 22px;\">Vermietung von Villen \u00b7 Immobilien \u00b7 Immobilienverwaltung<\/span><\/div><style>.porto-u-366ff92ac56193420f452da2f89b711d.porto-u-heading{text-align:left} @media(max-width:991px){ .porto-u-366ff92ac56193420f452da2f89b711d.porto-u-heading{text-align:center}} @media(max-width:767px){ .porto-u-366ff92ac56193420f452da2f89b711d.porto-u-heading{text-align:center}} @media(max-width:575px){ .porto-u-366ff92ac56193420f452da2f89b711d.porto-u-heading{text-align:center}}<\/style><\/div><div class=\"porto-btn-ctn-left botao-banner\"><a class=\"porto-btn  vc_custom_1777038792384 porto-adjust-bottom-margin porto-btn-small porto-btn-fade-bg   wpb_custom_13675111f8767988fcb5dda4e1c47101  porto-btn-left \" title='Kontaktieren Sie uns' rel='' href = \"https:\/\/kalkbrenner.ws\/de\/kontaktieren-sie-uns\/\"  data-hover=\"#ffffff\" data-border-color=\"#004aad\" data-bg=\"rgba(255,255,255,0.01)\" data-hover-bg=\"#004aad\" data-border-hover=\"#004aad\" data-shadow-click=\"none\" data-shadow=\"\" style=\"border-width:1px;border-color:#004aad;border-style:solid;background: rgba(255,255,255,0.01);color: #004aad;\"><span class=\"porto-btn-hover\" style=\"background-color:#004aad\"><\/span><span class=\"porto-btn-data porto-btn-text \" >Kontaktieren Sie uns<\/span><\/a><\/div><style>.banner-pos-f6356757d4f73384a3f5bc65723ae83a {left: 50%;right: unset;top: 50%;bottom: unset;transform: translate(-50%, -50%);}<\/style><\/div><\/div><\/div>[\/vc_column][\/vc_row]<\/div>[\/vc_column][\/vc_row]<\/p>\n<\/div>","protected":false},"excerpt":{"rendered":"<p>[vc_row css=&#8220;.vc_custom_1746459060118{margin-top: 100px !important;}&#8220; conditional_render=&#8220;%5B%7B%22value_role%22%3A%22administrator%22%7D%5D&#8220; css_params=&#8220;&#8220;][vc_column][vc_text_separator title=&#8220;Datenschutzrichtlinie&#8220; title_align=&#8220;separator_align_left&#8220; align=&#8220;align_left&#8220; color=&#8220;custom&#8220; css=&#8220;&#8220; style=&#8220;solid&#8220; element=&#8220;h2&#8243; accent_color=&#8220;#e6e6e6&#8243; css_params=&#8220;&#8220;][\/vc_column][\/vc_row][vc_row css=&#8220;.vc_custom_1748345613333{margin-top: 50px !important;}&#8220; conditional_render=&#8220;%5B%7B%22value_role%22%3A%22administrator%22%7D%5D&#8220; css_params=&#8220;&#8220;][vc_column][vc_column_text css=&#8220;&#8220; css_params=&#8220;&#8220;] 1. Bedingungen Durch den Zugriff auf die Website von Rene Kalkbrenner Lda erkl\u00e4ren Sie sich mit diesen Nutzungsbedingungen, allen geltenden Gesetzen und Vorschriften einverstanden und verpflichten sich, alle anwendbaren lokalen Gesetze einzuhalten. Wenn [&hellip;]<\/p>\n","protected":false},"author":1,"featured_media":0,"parent":0,"menu_order":0,"comment_status":"closed","ping_status":"closed","template":"","meta":{"footnotes":""},"class_list":["post-673","page","type-page","status-publish","hentry"],"_links":{"self":[{"href":"https:\/\/kalkbrenner.ws\/de\/wp-json\/wp\/v2\/pages\/673","targetHints":{"allow":["GET"]}}],"collection":[{"href":"https:\/\/kalkbrenner.ws\/de\/wp-json\/wp\/v2\/pages"}],"about":[{"href":"https:\/\/kalkbrenner.ws\/de\/wp-json\/wp\/v2\/types\/page"}],"author":[{"embeddable":true,"href":"https:\/\/kalkbrenner.ws\/de\/wp-json\/wp\/v2\/users\/1"}],"replies":[{"embeddable":true,"href":"https:\/\/kalkbrenner.ws\/de\/wp-json\/wp\/v2\/comments?post=673"}],"version-history":[{"count":2,"href":"https:\/\/kalkbrenner.ws\/de\/wp-json\/wp\/v2\/pages\/673\/revisions"}],"predecessor-version":[{"id":675,"href":"https:\/\/kalkbrenner.ws\/de\/wp-json\/wp\/v2\/pages\/673\/revisions\/675"}],"wp:attachment":[{"href":"https:\/\/kalkbrenner.ws\/de\/wp-json\/wp\/v2\/media?parent=673"}],"curies":[{"name":"wp","href":"https:\/\/api.w.org\/{rel}","templated":true}]}}