{"id":657,"date":"2025-05-05T11:46:18","date_gmt":"2025-05-05T10:46:18","guid":{"rendered":"https:\/\/kalkbrenner.ws\/startseite\/"},"modified":"2026-04-24T14:38:52","modified_gmt":"2026-04-24T13:38:52","slug":"startseite","status":"publish","type":"page","link":"https:\/\/kalkbrenner.ws\/de\/","title":{"rendered":"Startseite"},"content":{"rendered":"<div class=\"wpb-content-wrapper\"><p>[vc_row full_width=&#8220;stretch_row&#8220; css=&#8220;.vc_custom_1748342959168{margin-top: -20px !important;padding-top: 15px !important;padding-bottom: 15px !important;background-color: #f5f5f5 !important;}&#8220; conditional_render=&#8220;%5B%7B%22value_role%22%3A%22administrator%22%7D%5D&#8220; css_params=&#8220;&#8220; el_id=&#8220;search_desktop&#8220; el_class=&#8220;vc_hidden-xs&#8220;][vc_column][vc_single_image image=&#8220;666&#8243; img_size=&#8220;FULL&#8220; alignment=&#8220;center&#8220; onclick=&#8220;custom_link&#8220; css=&#8220;.vc_custom_1749826749162{margin-bottom: 0px !important;}&#8220; css_params=&#8220;&#8220; link=&#8220;https:\/\/reservas.kalkbrenner.ws\/rentals\/holidays-rentals-rentals-d0\/&#8220; el_id=&#8220;destop&#8220;][\/vc_column][\/vc_row][vc_row full_width=&#8220;stretch_row&#8220; css=&#8220;.vc_custom_1749641552553{margin-top: -42px !important;margin-bottom: 0px !important;padding-top: 15px !important;padding-bottom: 15px !important;background-color: #f5f5f5 !important;}&#8220; conditional_render=&#8220;%5B%7B%22value_role%22%3A%22administrator%22%7D%5D&#8220; css_params=&#8220;&#8220; el_id=&#8220;search_mobile&#8220; el_class=&#8220;vc_hidden-lg vc_hidden-md vc_hidden-sm&#8220;][vc_column][vc_single_image image=&#8220;661&#8243; img_size=&#8220;FULL&#8220; alignment=&#8220;center&#8220; onclick=&#8220;custom_link&#8220; css=&#8220;.vc_custom_1748342779285{margin-bottom: 0px !important;}&#8220; css_params=&#8220;&#8220; link=&#8220;https:\/\/reservas.kalkbrenner.ws\/rentals\/holidays-rentals-rentals-d0\/&#8220;][\/vc_column][\/vc_row][vc_row css=&#8220;.vc_custom_1746459054622{margin-top: 75px !important;}&#8220; conditional_render=&#8220;%5B%7B%22value_role%22%3A%22administrator%22%7D%5D&#8220; css_params=&#8220;&#8220;][vc_column width=&#8220;2\/3&#8243; offset=&#8220;vc_col-xl-6 vc_col-lg-8 vc_col-md-8&#8243; conditional_render=&#8220;%5B%7B%22value_role%22%3A%22administrator%22%7D%5D&#8220; css_params=&#8220;&#8220;][vc_column_text css=&#8220;&#8220; css_params=&#8220;&#8220;]<\/p>\n<h1><strong>\u00dcber 45 Jahre Erfahrung<\/strong> in der Unterst\u00fctzung bei Immobilienbesitz, Verwaltung und Kurzzeitvermietung in Praia do Carvoeiro!<\/h1>\n<p>[\/vc_column_text][\/vc_column][\/vc_row][vc_row css=&#8220;.vc_custom_1746459060118{margin-top: 100px !important;}&#8220; conditional_render=&#8220;%5B%7B%22value_role%22%3A%22administrator%22%7D%5D&#8220; css_params=&#8220;&#8220;][vc_column][vc_text_separator title=&#8220;Unsere Expertise&#8220; title_align=&#8220;separator_align_left&#8220; align=&#8220;align_left&#8220; color=&#8220;custom&#8220; css=&#8220;&#8220; style=&#8220;solid&#8220; element=&#8220;h2&#8243; accent_color=&#8220;#e6e6e6&#8243; css_params=&#8220;&#8220;][\/vc_column][\/vc_row][vc_row gap=&#8220;30&#8243; css=&#8220;.vc_custom_1746459357521{margin-top: 40px !important;}&#8220; conditional_render=&#8220;%5B%7B%22value_role%22%3A%22administrator%22%7D%5D&#8220; css_params=&#8220;&#8220;][vc_column width=&#8220;1\/3&#8243;]<div class=\"porto-u-heading  wpb_custom_257a69c66b5315e12997390a986a5c34 porto-u-ad87e2eaf3f9c495180fe0156ddf3eb0 \"><div class=\"porto-u-main-heading\"><h2   style=\"margin-bottom: 15px;\">Komplettverwaltung<\/h2><\/div><div class=\"porto-u-sub-heading\" style=\"\">Als in Carvoeiro ans\u00e4ssiges Immobilienverwaltungsunternehmen k\u00fcmmern wir uns um Mieterangelegenheiten, kassieren Mieten, organisieren Wartung und Reparaturen und \u00fcberwachen das Personal. Legen Sie Ihre Investition in gute H\u00e4nde, damit sie ihren Wert \u00fcber die Jahre beh\u00e4lt.<\/div><style>.porto-u-ad87e2eaf3f9c495180fe0156ddf3eb0.porto-u-heading{text-align:left}<\/style><\/div>[\/vc_column][vc_column width=&#8220;1\/3&#8243;]<div class=\"porto-u-heading  wpb_custom_257a69c66b5315e12997390a986a5c34 porto-u-ad87e2eaf3f9c495180fe0156ddf3eb0 \"><div class=\"porto-u-main-heading\"><h2   style=\"margin-bottom: 15px;\">Lokale Unterkunft<\/h2><\/div><div class=\"porto-u-sub-heading\" style=\"\">Beauftragen Sie eine Immobilienverwaltung f\u00fcr Ihre lokale Unterkunft, von der Kundenregistrierung \u00fcber Lizenzen bis hin zu Gesundheits- und Sicherheitsvorschriften. \u00dcberlassen Sie uns alle Aspekte der Vermietung und genie\u00dfen Sie die Sicherheit, die ein professionelles Team bietet.<\/div><style>.porto-u-ad87e2eaf3f9c495180fe0156ddf3eb0.porto-u-heading{text-align:left}<\/style><\/div>[\/vc_column][vc_column width=&#8220;1\/3&#8243;]<div class=\"porto-u-heading  wpb_custom_257a69c66b5315e12997390a986a5c34 porto-u-ad87e2eaf3f9c495180fe0156ddf3eb0 \"><div class=\"porto-u-main-heading\"><h2   style=\"margin-bottom: 15px;\">Immobilienvorschriften &amp; regelungen<\/h2><\/div><div class=\"porto-u-sub-heading\" style=\"\">Wenn Sie eine Immobilie kaufen m\u00f6chten und Fragen zu Gesch\u00e4ftsmodellen, Renditen, Reparaturen oder Steuern haben, sprechen Sie mit uns \u00fcber ma\u00dfgeschneiderte L\u00f6sungen, um die ben\u00f6tigten Informationen zu erhalten.<\/p>\n<p>Buchen Sie noch heute eine Beratung, um eine fundierte Kaufentscheidung zu treffen.<\/div><style>.porto-u-ad87e2eaf3f9c495180fe0156ddf3eb0.porto-u-heading{text-align:left}<\/style><\/div>[\/vc_column][\/vc_row][vc_row css=&#8220;.vc_custom_1746457578629{margin-top: 75px !important;}&#8220; conditional_render=&#8220;%5B%7B%22value_role%22%3A%22administrator%22%7D%5D&#8220; css_params=&#8220;&#8220;][vc_column]<div class=\"porto-block\" data-id=\"763\"><style>.vc_custom_1761560892748{background-image: url(https:\/\/kalkbrenner.ws\/wp-content\/uploads\/2025\/05\/contact-us-2.jpg?id=551) !important;background-position: center !important;background-repeat: no-repeat !important;background-size: cover !important;}.vc_custom_1746456880445{margin-bottom: 0px !important;}.vc_custom_1777038792384{margin-top: 50px !important;}.wpb_custom_833b57a40257c70fae898b52a19ab2ac.porto-u-heading .porto-u-main-heading > *{font-size:3rem;}@media (max-width:575px){.wpb_custom_833b57a40257c70fae898b52a19ab2ac.porto-u-heading .porto-u-main-heading > *{font-size:3rem;}}.wpb_custom_833b57a40257c70fae898b52a19ab2ac.porto-u-heading .porto-u-main-heading > *{line-height:1.1;}.wpb_custom_13675111f8767988fcb5dda4e1c47101.porto-btn{font-family:Inria Serif;font-size:22px;}<\/style>[vc_row content_placement=\"middle\" conditional_render=\"%5B%7B%22value_role%22%3A%22administrator%22%7D%5D\" css_params=\"\"][vc_column]<div class=\"porto-ibanner interactive-banner-wrap-1368ed295cfdbb6b88adaac7efb6cfe6 vc_custom_1761560892748 banner-right\" style=\"min-height:500px;\"><div class=\"porto-ibanner-desc no-padding d-flex\"><div class=\"porto-ibanner-layer vc_custom_1746456880445 wpb_custom_2c5109c031829f9c54153ed0e6239ff6 banner-pos-f6356757d4f73384a3f5bc65723ae83a\" style=\"width:90%;\"><div class=\"porto-u-heading  wpb_custom_833b57a40257c70fae898b52a19ab2ac porto-u-366ff92ac56193420f452da2f89b711d \"><div class=\"porto-u-main-heading\"><h2   style=\"color:#004aad;margin-bottom: 5px;\">Kalkbrenner Properties<\/h2><\/div><div class=\"porto-u-sub-heading\" style=\"color: #004aad;\"><span style=\"font-size: 22px;\">Vermietung von Villen \u00b7 Immobilien \u00b7 Immobilienverwaltung<\/span><\/div><style>.porto-u-366ff92ac56193420f452da2f89b711d.porto-u-heading{text-align:left} @media(max-width:991px){ .porto-u-366ff92ac56193420f452da2f89b711d.porto-u-heading{text-align:center}} @media(max-width:767px){ .porto-u-366ff92ac56193420f452da2f89b711d.porto-u-heading{text-align:center}} @media(max-width:575px){ .porto-u-366ff92ac56193420f452da2f89b711d.porto-u-heading{text-align:center}}<\/style><\/div><div class=\"porto-btn-ctn-left botao-banner\"><a class=\"porto-btn  vc_custom_1777038792384 porto-adjust-bottom-margin porto-btn-small porto-btn-fade-bg   wpb_custom_13675111f8767988fcb5dda4e1c47101  porto-btn-left \" title='Kontaktieren Sie uns' rel='' href = \"https:\/\/kalkbrenner.ws\/de\/kontaktieren-sie-uns\/\"  data-hover=\"#ffffff\" data-border-color=\"#004aad\" data-bg=\"rgba(255,255,255,0.01)\" data-hover-bg=\"#004aad\" data-border-hover=\"#004aad\" data-shadow-click=\"none\" data-shadow=\"\" style=\"border-width:1px;border-color:#004aad;border-style:solid;background: rgba(255,255,255,0.01);color: #004aad;\"><span class=\"porto-btn-hover\" style=\"background-color:#004aad\"><\/span><span class=\"porto-btn-data porto-btn-text \" >Kontaktieren Sie uns<\/span><\/a><\/div><style>.banner-pos-f6356757d4f73384a3f5bc65723ae83a {left: 50%;right: unset;top: 50%;bottom: unset;transform: translate(-50%, -50%);}<\/style><\/div><\/div><\/div>[\/vc_column][\/vc_row]<\/div>[\/vc_column][\/vc_row][vc_row css=&#8220;.vc_custom_1746447191746{margin-top: 75px !important;}&#8220; conditional_render=&#8220;%5B%7B%22value_role%22%3A%22administrator%22%7D%5D&#8220; css_params=&#8220;&#8220;][vc_column][vc_text_separator title=&#8220;Unternehmensnetzwerk&#8220; title_align=&#8220;separator_align_left&#8220; align=&#8220;align_left&#8220; color=&#8220;custom&#8220; css=&#8220;&#8220; style=&#8220;solid&#8220; element=&#8220;h2&#8243; accent_color=&#8220;#e6e6e6&#8243; css_params=&#8220;&#8220;][\/vc_column][\/vc_row][vc_row gap=&#8220;30&#8243; css=&#8220;.vc_custom_1746459372508{margin-top: 40px !important;}&#8220; conditional_render=&#8220;%5B%7B%22value_role%22%3A%22administrator%22%7D%5D&#8220; css_params=&#8220;&#8220;][vc_column width=&#8220;1\/3&#8243;]<div class=\"porto-u-heading  wpb_custom_257a69c66b5315e12997390a986a5c34 porto-u-ad87e2eaf3f9c495180fe0156ddf3eb0  vc_custom_1746458842377\"><div class=\"porto-u-main-heading\"><h2   style=\"margin-bottom: 15px;\">Carvoeiro directory<\/h2><\/div><div class=\"porto-u-sub-heading\" style=\"\">Seit 2020 wurde die klassische Informationsmappe f\u00fcr Villen in ein digitales Format umgewandelt, das Reisenden Einblicke und eigene Empfehlungen zu lokalen Aktivit\u00e4ten und Restaurants bietet sowie eine Social-Media-Plattform mit regelm\u00e4\u00dfigen Updates zu Trends. Jede Immobilie hat ihre eigene private Seite, die Empfehlungen sind jedoch f\u00fcr alle zug\u00e4nglich.<\/div><style>.porto-u-ad87e2eaf3f9c495180fe0156ddf3eb0.porto-u-heading{text-align:left}<\/style><\/div>[vc_icon icon_fontawesome=&#8220;fab fa-instagram&#8220; color=&#8220;custom&#8220; background_style=&#8220;rounded&#8220; background_color=&#8220;custom&#8220; size=&#8220;xs&#8220; css=&#8220;.vc_custom_1746457524812{margin-left: 0px !important;}&#8220; custom_color=&#8220;#ffffff&#8220; link=&#8220;url:https%3A%2F%2Fwww.instagram.com%2Fcarvoeiro.directory%2F|target:_blank|&#8220; css_params=&#8220;&#8220; custom_background_color=&#8220;#004aad&#8220;][\/vc_column][vc_column width=&#8220;2\/3&#8243;]<div class=\"porto-u-heading  wpb_custom_257a69c66b5315e12997390a986a5c34 porto-u-ad87e2eaf3f9c495180fe0156ddf3eb0  vc_custom_1746458853276\"><div class=\"porto-u-main-heading\"><h2   style=\"margin-bottom: 15px;\">boxpt.eu<\/h2><\/div><div class=\"porto-u-sub-heading\" style=\"\">Logistik wird im Laufe der Jahre ein wesentlicher Bestandteil des Immobilienbesitzes: Ein Auto monatelang ungenutzt stehen zu lassen oder ganze R\u00e4ume nur zur Lagerung pers\u00f6nlicher Gegenst\u00e4nde zu sperren und dadurch Einnahmen zu verlieren, ist wenig sinnvoll. Deshalb haben wir eine Lagereinrichtung neben unserem B\u00fcro in Carvoeiro er\u00f6ffnet, die sowohl Fahrzeug- als auch pers\u00f6nliche Lagerbed\u00fcrfnisse abdeckt.<\/p>\n<p><a href=\"https:\/\/boxpt.eu\" target=\"_blank\" rel=\"noopener\">www.boxpt.eu<br \/>\n<\/a><\/div><style>.porto-u-ad87e2eaf3f9c495180fe0156ddf3eb0.porto-u-heading{text-align:left}<\/style><\/div>[vc_icon icon_fontawesome=&#8220;fab fa-facebook-f&#8220; color=&#8220;custom&#8220; background_style=&#8220;rounded&#8220; background_color=&#8220;custom&#8220; size=&#8220;xs&#8220; css=&#8220;.vc_custom_1746447427984{margin-left: 0px !important;}&#8220; custom_color=&#8220;#ffffff&#8220; link=&#8220;url:https%3A%2F%2Fwww.facebook.com%2Fboxpt%2F|target:_blank|&#8220; css_params=&#8220;&#8220; custom_background_color=&#8220;#004aad&#8220;][\/vc_column][\/vc_row][vc_row css=&#8220;.vc_custom_1746457435829{margin-top: 75px !important;}&#8220; conditional_render=&#8220;%5B%7B%22value_role%22%3A%22administrator%22%7D%5D&#8220; css_params=&#8220;&#8220;][vc_column]<div class=\"porto-block\" data-id=\"769\"><style>.vc_custom_1761561112245{background-image: url(https:\/\/kalkbrenner.ws\/wp-content\/uploads\/2025\/05\/reserve-now-2.jpg?id=552) !important;background-position: center !important;background-repeat: no-repeat !important;background-size: cover !important;}.vc_custom_1746456880445{margin-bottom: 0px !important;}.vc_custom_1777039313166{margin-top: 50px !important;}.wpb_custom_5500edc1189ad05591b1ed1a23096303.porto-u-heading .porto-u-main-heading > *{font-size:3rem;}@media (max-width:575px){.wpb_custom_5500edc1189ad05591b1ed1a23096303.porto-u-heading .porto-u-main-heading > *{font-size:3rem;}}.wpb_custom_5500edc1189ad05591b1ed1a23096303.porto-u-heading .porto-u-main-heading > *{line-height:1;}.wpb_custom_13675111f8767988fcb5dda4e1c47101.porto-btn{font-family:Inria Serif;font-size:22px;}<\/style>[vc_row content_placement=\"middle\" conditional_render=\"%5B%7B%22value_role%22%3A%22administrator%22%7D%5D\" css_params=\"\"][vc_column]<div class=\"porto-ibanner interactive-banner-wrap-1368ed295cfdbb6b88adaac7efb6cfe6 vc_custom_1761561112245 banner\" style=\"min-height:500px;\"><div class=\"porto-ibanner-desc no-padding d-flex\"><div class=\"porto-ibanner-layer vc_custom_1746456880445 wpb_custom_2c5109c031829f9c54153ed0e6239ff6 banner-pos-f6356757d4f73384a3f5bc65723ae83a\" style=\"width:90%;\"><div class=\"porto-u-heading  wpb_custom_5500edc1189ad05591b1ed1a23096303 porto-u-552b4964a198c60420310b5049462a59 \"><div class=\"porto-u-main-heading\"><h2   style=\"color:#004aad;margin-bottom: 5px;\">Buchen Sie jetzt Ihren Urlaub<\/h2><\/div><div class=\"porto-u-sub-heading\" style=\"color: #004aad;\"><span style=\"font-size: 22px;\">Erleben Sie mit uns das Beste der Algarve.<\/span><\/div><style>.porto-u-552b4964a198c60420310b5049462a59.porto-u-heading{text-align:right} @media(max-width:991px){ .porto-u-552b4964a198c60420310b5049462a59.porto-u-heading{text-align:center}} @media(max-width:767px){ .porto-u-552b4964a198c60420310b5049462a59.porto-u-heading{text-align:center}} @media(max-width:575px){ .porto-u-552b4964a198c60420310b5049462a59.porto-u-heading{text-align:center}}<\/style><\/div><div class=\"porto-btn-ctn-right botao-banner\"><a class=\"porto-btn  vc_custom_1777039313166 porto-adjust-bottom-margin porto-btn-small porto-btn-fade-bg   wpb_custom_13675111f8767988fcb5dda4e1c47101  porto-btn-right \"  rel='' href = \"https:\/\/reservas.kalkbrenner.ws\/vermietung\/zu-mieten-vermietungen-d0\/\"  data-hover=\"#ffffff\" data-border-color=\"#004aad\" data-bg=\"rgba(255,255,255,0.01)\" data-hover-bg=\"#004aad\" data-border-hover=\"#004aad\" data-shadow-click=\"none\" data-shadow=\"\" style=\"border-width:1px;border-color:#004aad;border-style:solid;background: rgba(255,255,255,0.01);color: #004aad;\"><span class=\"porto-btn-hover\" style=\"background-color:#004aad\"><\/span><span class=\"porto-btn-data porto-btn-text \" >Jetzt buchen<\/span><\/a><\/div><style>.banner-pos-f6356757d4f73384a3f5bc65723ae83a {left: 50%;right: unset;top: 50%;bottom: unset;transform: translate(-50%, -50%);}<\/style><\/div><\/div><\/div>[\/vc_column][\/vc_row]<\/div>[\/vc_column][\/vc_row][vc_row css=&#8220;.vc_custom_1746448191769{margin-top: 75px !important;margin-bottom: 50px !important;}&#8220; conditional_render=&#8220;%5B%7B%22value_role%22%3A%22administrator%22%7D%5D&#8220; css_params=&#8220;&#8220;][vc_column width=&#8220;1\/2&#8243; offset=&#8220;vc_col-xl-3 vc_col-lg-3 vc_col-md-6&#8243; conditional_render=&#8220;%5B%7B%22value_role%22%3A%22administrator%22%7D%5D&#8220; css_params=&#8220;&#8220;]<div class=\"porto-u-heading  wpb_custom_ede98e8ecee89fbd6dab7528e5940e9a porto-u-ad87e2eaf3f9c495180fe0156ddf3eb0  vc_custom_1746462171331\"><div class=\"porto-u-main-heading\"><h2   style=\"margin-bottom: 15px;\">Zusatzleistungen<\/h2><\/div><div class=\"porto-u-sub-heading\" style=\"\">Wenn Sie einen Flughafentransfer oder Mietwagen ben\u00f6tigen, bieten wir Ihnen den besten Service.<\/div><style>.porto-u-ad87e2eaf3f9c495180fe0156ddf3eb0.porto-u-heading{text-align:left}<\/style><\/div>[\/vc_column][vc_column width=&#8220;1\/2&#8243; offset=&#8220;vc_col-xl-3 vc_col-lg-3 vc_col-md-6&#8243; conditional_render=&#8220;%5B%7B%22value_role%22%3A%22administrator%22%7D%5D&#8220; css_params=&#8220;&#8220;]<a aria-label=\"Autovermietung\" class=\"porto-sicon-box-link\" href=\"\/de\/autovermietung\/\" title='Autovermietung'><div class=\"porto-sicon-box  vc_custom_1777037863429  wpb_custom_1cb25b551aa8fbc7e61b0bfda2344ea6 style_2 top-icon\"><div class=\"porto-sicon-top\"><div class=\"porto-just-icon-wrapper porto-sicon-img  porto-icon-9f5d1cfb45d27d96b50bf473aebba227\" style=\"font-size: 120px;\"><img loading=\"lazy\" decoding=\"async\" class=\"img-icon\" alt=\"\" src=\"https:\/\/kalkbrenner.ws\/wp-content\/uploads\/2025\/05\/car.svg\" width=\"24076\" height=\"21546\" \/><\/div><\/div><div class=\"porto-sicon-header\"><h1 class=\"porto-sicon-title\" style=\"\">Autovermietung<\/h1><\/div> <!-- header --><\/div><!-- porto-sicon-box --><\/a>[\/vc_column][vc_column width=&#8220;1\/2&#8243; offset=&#8220;vc_col-xl-3 vc_col-lg-3 vc_col-md-6&#8243; conditional_render=&#8220;%5B%7B%22value_role%22%3A%22administrator%22%7D%5D&#8220; css_params=&#8220;&#8220;]<a aria-label=\"Flughafentransfers\" class=\"porto-sicon-box-link\" href=\"\/de\/flughafentransfers\/\" title='Flughafentransfers'><div class=\"porto-sicon-box  vc_custom_1777037902519  wpb_custom_1cb25b551aa8fbc7e61b0bfda2344ea6 style_2 top-icon\"><div class=\"porto-sicon-top\"><div class=\"porto-just-icon-wrapper porto-sicon-img  porto-icon-9f5d1cfb45d27d96b50bf473aebba227\" style=\"font-size: 120px;\"><img loading=\"lazy\" decoding=\"async\" class=\"img-icon\" alt=\"\" src=\"https:\/\/kalkbrenner.ws\/wp-content\/uploads\/2025\/05\/airplane.svg\" width=\"1798\" height=\"1609\" \/><\/div><\/div><div class=\"porto-sicon-header\"><h1 class=\"porto-sicon-title\" style=\"\">Flughafentransfers<\/h1><\/div> <!-- header --><\/div><!-- porto-sicon-box --><\/a>[\/vc_column][vc_column width=&#8220;1\/2&#8243; offset=&#8220;vc_col-xl-3 vc_col-lg-3 vc_col-md-6&#8243; conditional_render=&#8220;%5B%7B%22value_role%22%3A%22administrator%22%7D%5D&#8220; css_params=&#8220;&#8220;]<a aria-label=\"Touren\" class=\"porto-sicon-box-link\" href=\"https:\/\/kalkbrenner.ws\/de\/touren\/\" title='Touren'><div class=\"porto-sicon-box  vc_custom_1777037925016  wpb_custom_1cb25b551aa8fbc7e61b0bfda2344ea6 style_2 top-icon\"><div class=\"porto-sicon-top\"><div class=\"porto-just-icon-wrapper porto-sicon-img  porto-icon-9f5d1cfb45d27d96b50bf473aebba227\" style=\"font-size: 120px;\"><img loading=\"lazy\" decoding=\"async\" class=\"img-icon\" alt=\"\" src=\"https:\/\/kalkbrenner.ws\/wp-content\/uploads\/2025\/06\/tours.svg\" width=\"867\" height=\"776\" \/><\/div><\/div><div class=\"porto-sicon-header\"><h1 class=\"porto-sicon-title\" style=\"\">Touren<\/h1><\/div> <!-- header --><\/div><!-- porto-sicon-box --><\/a>[\/vc_column][\/vc_row]<\/p>\n<\/div>","protected":false},"excerpt":{"rendered":"<p>[vc_row full_width=&#8220;stretch_row&#8220; css=&#8220;.vc_custom_1748342959168{margin-top: -20px !important;padding-top: 15px !important;padding-bottom: 15px !important;background-color: #f5f5f5 !important;}&#8220; conditional_render=&#8220;%5B%7B%22value_role%22%3A%22administrator%22%7D%5D&#8220; css_params=&#8220;&#8220; el_id=&#8220;search_desktop&#8220; el_class=&#8220;vc_hidden-xs&#8220;][vc_column][vc_single_image image=&#8220;666&#8243; img_size=&#8220;FULL&#8220; alignment=&#8220;center&#8220; onclick=&#8220;custom_link&#8220; css=&#8220;.vc_custom_1749826749162{margin-bottom: 0px !important;}&#8220; css_params=&#8220;&#8220; link=&#8220;https:\/\/reservas.kalkbrenner.ws\/rentals\/holidays-rentals-rentals-d0\/&#8220; el_id=&#8220;destop&#8220;][\/vc_column][\/vc_row][vc_row full_width=&#8220;stretch_row&#8220; css=&#8220;.vc_custom_1749641552553{margin-top: -42px !important;margin-bottom: 0px !important;padding-top: 15px !important;padding-bottom: 15px !important;background-color: #f5f5f5 !important;}&#8220; conditional_render=&#8220;%5B%7B%22value_role%22%3A%22administrator%22%7D%5D&#8220; css_params=&#8220;&#8220; el_id=&#8220;search_mobile&#8220; el_class=&#8220;vc_hidden-lg vc_hidden-md vc_hidden-sm&#8220;][vc_column][vc_single_image image=&#8220;661&#8243; img_size=&#8220;FULL&#8220; alignment=&#8220;center&#8220; onclick=&#8220;custom_link&#8220; css=&#8220;.vc_custom_1748342779285{margin-bottom: 0px !important;}&#8220; css_params=&#8220;&#8220; link=&#8220;https:\/\/reservas.kalkbrenner.ws\/rentals\/holidays-rentals-rentals-d0\/&#8220;][\/vc_column][\/vc_row][vc_row css=&#8220;.vc_custom_1746459054622{margin-top: 75px !important;}&#8220; [&hellip;]<\/p>\n","protected":false},"author":1,"featured_media":0,"parent":0,"menu_order":0,"comment_status":"closed","ping_status":"closed","template":"","meta":{"footnotes":""},"class_list":["post-657","page","type-page","status-publish","hentry"],"_links":{"self":[{"href":"https:\/\/kalkbrenner.ws\/de\/wp-json\/wp\/v2\/pages\/657","targetHints":{"allow":["GET"]}}],"collection":[{"href":"https:\/\/kalkbrenner.ws\/de\/wp-json\/wp\/v2\/pages"}],"about":[{"href":"https:\/\/kalkbrenner.ws\/de\/wp-json\/wp\/v2\/types\/page"}],"author":[{"embeddable":true,"href":"https:\/\/kalkbrenner.ws\/de\/wp-json\/wp\/v2\/users\/1"}],"replies":[{"embeddable":true,"href":"https:\/\/kalkbrenner.ws\/de\/wp-json\/wp\/v2\/comments?post=657"}],"version-history":[{"count":4,"href":"https:\/\/kalkbrenner.ws\/de\/wp-json\/wp\/v2\/pages\/657\/revisions"}],"predecessor-version":[{"id":758,"href":"https:\/\/kalkbrenner.ws\/de\/wp-json\/wp\/v2\/pages\/657\/revisions\/758"}],"wp:attachment":[{"href":"https:\/\/kalkbrenner.ws\/de\/wp-json\/wp\/v2\/media?parent=657"}],"curies":[{"name":"wp","href":"https:\/\/api.w.org\/{rel}","templated":true}]}}