{"id":639,"date":"2025-05-27T13:30:52","date_gmt":"2025-05-27T12:30:52","guid":{"rendered":"https:\/\/kalkbrenner.ws\/cookie-richtlinie\/"},"modified":"2026-04-24T10:56:55","modified_gmt":"2026-04-24T09:56:55","slug":"cookie-richtlinie","status":"publish","type":"page","link":"https:\/\/kalkbrenner.ws\/de\/cookie-richtlinie\/","title":{"rendered":"Cookie-Richtlinie"},"content":{"rendered":"<div class=\"wpb-content-wrapper\"><p>[vc_row css=&#8220;.vc_custom_1746459060118{margin-top: 100px !important;}&#8220; conditional_render=&#8220;%5B%7B%22value_role%22%3A%22administrator%22%7D%5D&#8220; css_params=&#8220;&#8220;][vc_column][vc_text_separator title=&#8220;Cookie-Richtlinie&#8220; title_align=&#8220;separator_align_left&#8220; align=&#8220;align_left&#8220; color=&#8220;custom&#8220; css=&#8220;&#8220; style=&#8220;solid&#8220; element=&#8220;h2&#8243; accent_color=&#8220;#e6e6e6&#8243; css_params=&#8220;&#8220;][\/vc_column][\/vc_row][vc_row css=&#8220;.vc_custom_1748345613333{margin-top: 50px !important;}&#8220; conditional_render=&#8220;%5B%7B%22value_role%22%3A%22administrator%22%7D%5D&#8220; css_params=&#8220;&#8220;][vc_column][vc_column_text css=&#8220;&#8220; css_params=&#8220;&#8220;]<\/p>\n<h3 data-pm-slice=\"1 1 []\"><strong>Wer ist f\u00fcr die Datenverarbeitung verantwortlich?<\/strong><\/h3>\n<p>Die f\u00fcr die Datenverarbeitung verantwortliche Stelle ist Rene Kalkbrenner Lda, NIPC 510485723, mit Sitz in Rua dos Pescadores 131 Loja 8, 8400-512 Praia do Carvoeiro, E-Mail-Adresse <a>info@kalkbrenner.ws <\/a>.<\/p>\n<p>Rene Kalkbrenner Lda hat einen Datenschutzbeauftragten ernannt, der per E-Mail unter <a>data@kalkbrenner.ws<\/a> kontaktiert werden kann.<\/p>\n<h3>Was sind Cookies?<\/h3>\n<p>Wenn Sie eine Website besuchen, kann diese Informationen in Ihrem Browser speichern oder abrufen, haupts\u00e4chlich in Form von Cookies. Diese Informationen k\u00f6nnen Ihre Pr\u00e4ferenzen oder das von Ihnen verwendete Ger\u00e4t betreffen und werden haupts\u00e4chlich verwendet, damit die Website ordnungsgem\u00e4\u00df funktioniert. Sie dienen dazu, Ihnen eine personalisierte Erfahrung zu bieten.<\/p>\n<p>Cookies sind kleine Daten- oder Textdateien, die eine Website auf dem Ger\u00e4t des Nutzers (Computer, Smartphone, Tablet usw.) speichert. Jeder Cookie enth\u00e4lt einen eindeutigen Code, der es erm\u00f6glicht, Ihren Browser bei einem erneuten Besuch zu erkennen oder die Nutzung zu verbessern. Ein Cookie enth\u00e4lt in der Regel den Namen des Servers, der ihn gesetzt hat, ein Ablaufdatum und einen eindeutigen numerischen Code.<\/p>\n<p>Cookies k\u00f6nnen unterschiedliche Zwecke haben: technische Cookies (z. B. Spracheinstellungen), Sitzungscookies (tempor\u00e4r) und Tracking-Cookies (zur Analyse des Nutzerverhaltens und zur Verbesserung der Erfahrung). Cookies k\u00f6nnen vom Server der besuchten Website oder von Partnern gesetzt werden. Der Server kann nur die von ihm gesetzten Cookies lesen und hat keinen Zugriff auf andere Informationen auf dem Ger\u00e4t des Nutzers.<\/p>\n<h3>Von Rene Kalkbrenner Lda verwendete Cookies<\/h3>\n<p>Auf dieser Website verwenden wir folgende Cookie-Kategorien: unbedingt erforderliche Cookies, einschlie\u00dflich anonymisierter Analyse-Cookies, funktionale Cookies, Werbe-Cookies und Social-Media-Cookies. Weitere Informationen finden Sie unter \u201eEinstellungen verwalten\u201c.<\/p>\n<h4>Unbedingt erforderliche Cookies<\/h4>\n<p>Diese Cookies sind notwendig, um die Sicherheit der Website zu gew\u00e4hrleisten, ihre ordnungsgem\u00e4\u00dfe Funktion sicherzustellen und eine benutzerfreundliche Navigation zu erm\u00f6glichen. Sie werden in der Regel als Reaktion auf Benutzeraktionen gesetzt, wie das Festlegen von Datenschutzeinstellungen, das Anmelden oder das Ausf\u00fcllen von Formularen. Sie k\u00f6nnen Ihren Browser so einstellen, dass diese Cookies blockiert werden, aber einige Teile der Website funktionieren dann nicht mehr.<\/p>\n<p>Unbedingt erforderliche Cookies k\u00f6nnen ohne Zustimmung installiert werden, da sie f\u00fcr das normale Funktionieren der Website notwendig sind. Ihre Deaktivierung kann dazu f\u00fchren, dass einige Funktionen nicht mehr funktionieren.<\/p>\n<h4>Anonymisierte Analyse-Cookies<\/h4>\n<p>Diese Cookies erm\u00f6glichen es uns, Besucher zu z\u00e4hlen und deren Herkunft zu verfolgen, um die Leistung der Website zu analysieren und zu verbessern. Sie helfen zu erkennen, welche Seiten am h\u00e4ufigsten oder seltensten besucht werden und wie sich Nutzer auf der Website bewegen. Alle gesammelten Informationen sind aggregiert und somit anonymisiert.<\/p>\n<p>Der Zweck dieser Cookies ist es, die Website zu verbessern und dynamisch anzupassen. Statistische Informationen \u00fcber Besucher erm\u00f6glichen es, Funktionen und Inhalte an das Nutzerverhalten anzupassen.<\/p>\n<h4>Funktionale Cookies<\/h4>\n<p>Diese Cookies personalisieren die Inhalte der Website basierend auf Ihren Pr\u00e4ferenzen, Interessen und fr\u00fcheren Besuchen. Sie k\u00f6nnen von Rene Kalkbrenner Lda oder von externen Anbietern gesetzt werden. Wenn diese Cookies nicht erlaubt sind, funktionieren einige Funktionen m\u00f6glicherweise nicht korrekt.<\/p>\n<h4>Werbe-Cookies<\/h4>\n<p>Diese Cookies erfassen Ihre Online-Aktivit\u00e4ten und k\u00f6nnen von unseren Werbepartnern verwendet werden, um ein Profil Ihrer Interessen zu erstellen und relevante Werbung auf anderen Websites anzuzeigen oder die H\u00e4ufigkeit von Anzeigen zu begrenzen. Sie speichern keine direkten personenbezogenen Daten, sondern basieren auf der eindeutigen Identifikation Ihres Browsers und Ger\u00e4ts. Ihre maximale Lebensdauer betr\u00e4gt 24 Monate.<\/p>\n<h4>Social-Media-Cookies<\/h4>\n<p>Um ein Konto \u00fcber soziale Netzwerke (Facebook oder Twitter) zu erstellen, Inhalte aufzurufen oder zu teilen, m\u00fcssen Sie Social-Media-Cookies ausdr\u00fccklich akzeptieren.<\/p>\n<h4>Cookie-Verwaltung<\/h4>\n<p>W\u00e4hrend Ihres Besuchs auf der Website von Rene Kalkbrenner Lda werden Sie aufgefordert, Cookies zu akzeptieren oder abzulehnen. Beim ersten Besuch und danach regelm\u00e4\u00dfig wird ein Banner angezeigt, das Ihnen Folgendes erm\u00f6glicht:<\/p>\n<ul data-spread=\"false\">\n<li>Alle Cookies akzeptieren und weiter surfen (Option \u201eAkzeptieren und fortfahren\u201c);<\/li>\n<li>Einstellungen verwalten durch Auswahl der Cookie-Typen (Option \u201eEinstellungen verwalten\u201c und \u201eAuswahl best\u00e4tigen\u201c);<\/li>\n<li>Einstellungen verwalten und nur notwendige Cookies akzeptieren (Option \u201eEinstellungen verwalten\u201c und \u201eAuswahl best\u00e4tigen\u201c).<\/li>\n<\/ul>\n<p>Sie k\u00f6nnen Ihre Cookie-Einstellungen jederzeit \u00fcber \u201eEinstellungen verwalten\u201c oder Ihren Browser \u00e4ndern. Das Deaktivieren kann die Funktionalit\u00e4t der Website beeintr\u00e4chtigen.<\/p>\n<p>F\u00fcr weitere Informationen kontaktieren Sie uns bitte direkt.<\/p>\n<p>Letzte Aktualisierung: 12.06.2025.[\/vc_column_text][\/vc_column][\/vc_row][vc_row css=&#8220;.vc_custom_1746464678346{margin-top: 75px !important;}&#8220; conditional_render=&#8220;%5B%7B%22value_role%22%3A%22administrator%22%7D%5D&#8220; css_params=&#8220;&#8220;][vc_column]<div class=\"porto-block\" data-id=\"763\"><style>.vc_custom_1761560892748{background-image: url(https:\/\/kalkbrenner.ws\/wp-content\/uploads\/2025\/05\/contact-us-2.jpg?id=551) !important;background-position: center !important;background-repeat: no-repeat !important;background-size: cover !important;}.vc_custom_1746456880445{margin-bottom: 0px !important;}.vc_custom_1777038792384{margin-top: 50px !important;}.wpb_custom_833b57a40257c70fae898b52a19ab2ac.porto-u-heading .porto-u-main-heading > *{font-size:3rem;}@media (max-width:575px){.wpb_custom_833b57a40257c70fae898b52a19ab2ac.porto-u-heading .porto-u-main-heading > *{font-size:3rem;}}.wpb_custom_833b57a40257c70fae898b52a19ab2ac.porto-u-heading .porto-u-main-heading > *{line-height:1.1;}.wpb_custom_13675111f8767988fcb5dda4e1c47101.porto-btn{font-family:Inria Serif;font-size:22px;}<\/style>[vc_row content_placement=\"middle\" conditional_render=\"%5B%7B%22value_role%22%3A%22administrator%22%7D%5D\" css_params=\"\"][vc_column]<div class=\"porto-ibanner interactive-banner-wrap-1368ed295cfdbb6b88adaac7efb6cfe6 vc_custom_1761560892748 banner-right\" style=\"min-height:500px;\"><div class=\"porto-ibanner-desc no-padding d-flex\"><div class=\"porto-ibanner-layer vc_custom_1746456880445 wpb_custom_2c5109c031829f9c54153ed0e6239ff6 banner-pos-f6356757d4f73384a3f5bc65723ae83a\" style=\"width:90%;\"><div class=\"porto-u-heading  wpb_custom_833b57a40257c70fae898b52a19ab2ac porto-u-366ff92ac56193420f452da2f89b711d \"><div class=\"porto-u-main-heading\"><h2   style=\"color:#004aad;margin-bottom: 5px;\">Kalkbrenner Properties<\/h2><\/div><div class=\"porto-u-sub-heading\" style=\"color: #004aad;\"><span style=\"font-size: 22px;\">Vermietung von Villen \u00b7 Immobilien \u00b7 Immobilienverwaltung<\/span><\/div><style>.porto-u-366ff92ac56193420f452da2f89b711d.porto-u-heading{text-align:left} @media(max-width:991px){ .porto-u-366ff92ac56193420f452da2f89b711d.porto-u-heading{text-align:center}} @media(max-width:767px){ .porto-u-366ff92ac56193420f452da2f89b711d.porto-u-heading{text-align:center}} @media(max-width:575px){ .porto-u-366ff92ac56193420f452da2f89b711d.porto-u-heading{text-align:center}}<\/style><\/div><div class=\"porto-btn-ctn-left botao-banner\"><a class=\"porto-btn  vc_custom_1777038792384 porto-adjust-bottom-margin porto-btn-small porto-btn-fade-bg   wpb_custom_13675111f8767988fcb5dda4e1c47101  porto-btn-left \" title='Kontaktieren Sie uns' rel='' href = \"https:\/\/kalkbrenner.ws\/de\/kontaktieren-sie-uns\/\"  data-hover=\"#ffffff\" data-border-color=\"#004aad\" data-bg=\"rgba(255,255,255,0.01)\" data-hover-bg=\"#004aad\" data-border-hover=\"#004aad\" data-shadow-click=\"none\" data-shadow=\"\" style=\"border-width:1px;border-color:#004aad;border-style:solid;background: rgba(255,255,255,0.01);color: #004aad;\"><span class=\"porto-btn-hover\" style=\"background-color:#004aad\"><\/span><span class=\"porto-btn-data porto-btn-text \" >Kontaktieren Sie uns<\/span><\/a><\/div><style>.banner-pos-f6356757d4f73384a3f5bc65723ae83a {left: 50%;right: unset;top: 50%;bottom: unset;transform: translate(-50%, -50%);}<\/style><\/div><\/div><\/div>[\/vc_column][\/vc_row]<\/div>[\/vc_column][\/vc_row]<\/p>\n<\/div>","protected":false},"excerpt":{"rendered":"<p>[vc_row css=&#8220;.vc_custom_1746459060118{margin-top: 100px !important;}&#8220; conditional_render=&#8220;%5B%7B%22value_role%22%3A%22administrator%22%7D%5D&#8220; css_params=&#8220;&#8220;][vc_column][vc_text_separator title=&#8220;Cookie-Richtlinie&#8220; title_align=&#8220;separator_align_left&#8220; align=&#8220;align_left&#8220; color=&#8220;custom&#8220; css=&#8220;&#8220; style=&#8220;solid&#8220; element=&#8220;h2&#8243; accent_color=&#8220;#e6e6e6&#8243; css_params=&#8220;&#8220;][\/vc_column][\/vc_row][vc_row css=&#8220;.vc_custom_1748345613333{margin-top: 50px !important;}&#8220; conditional_render=&#8220;%5B%7B%22value_role%22%3A%22administrator%22%7D%5D&#8220; css_params=&#8220;&#8220;][vc_column][vc_column_text css=&#8220;&#8220; css_params=&#8220;&#8220;] Wer ist f\u00fcr die Datenverarbeitung verantwortlich? Die f\u00fcr die Datenverarbeitung verantwortliche Stelle ist Rene Kalkbrenner Lda, NIPC 510485723, mit Sitz in Rua dos Pescadores 131 Loja 8, 8400-512 Praia do Carvoeiro, E-Mail-Adresse info@kalkbrenner.ws [&hellip;]<\/p>\n","protected":false},"author":1,"featured_media":0,"parent":0,"menu_order":0,"comment_status":"closed","ping_status":"closed","template":"","meta":{"footnotes":""},"class_list":["post-639","page","type-page","status-publish","hentry"],"_links":{"self":[{"href":"https:\/\/kalkbrenner.ws\/de\/wp-json\/wp\/v2\/pages\/639","targetHints":{"allow":["GET"]}}],"collection":[{"href":"https:\/\/kalkbrenner.ws\/de\/wp-json\/wp\/v2\/pages"}],"about":[{"href":"https:\/\/kalkbrenner.ws\/de\/wp-json\/wp\/v2\/types\/page"}],"author":[{"embeddable":true,"href":"https:\/\/kalkbrenner.ws\/de\/wp-json\/wp\/v2\/users\/1"}],"replies":[{"embeddable":true,"href":"https:\/\/kalkbrenner.ws\/de\/wp-json\/wp\/v2\/comments?post=639"}],"version-history":[{"count":2,"href":"https:\/\/kalkbrenner.ws\/de\/wp-json\/wp\/v2\/pages\/639\/revisions"}],"predecessor-version":[{"id":641,"href":"https:\/\/kalkbrenner.ws\/de\/wp-json\/wp\/v2\/pages\/639\/revisions\/641"}],"wp:attachment":[{"href":"https:\/\/kalkbrenner.ws\/de\/wp-json\/wp\/v2\/media?parent=639"}],"curies":[{"name":"wp","href":"https:\/\/api.w.org\/{rel}","templated":true}]}}